{"id":971,"date":"2024-06-03T17:15:45","date_gmt":"2024-06-03T17:15:45","guid":{"rendered":"https:\/\/www.drlanglois.ca\/testimonial\/"},"modified":"2024-07-15T17:18:03","modified_gmt":"2024-07-15T17:18:03","slug":"testimonial","status":"publish","type":"page","link":"https:\/\/www.drlanglois.ca\/en\/testimonial\/","title":{"rendered":"Testimonials"},"content":{"rendered":"<section class=\"wpb-content-wrapper\"><p>[vc_row css_animation=&#8221;&#8221; row_type=&#8221;row&#8221; use_row_as_full_screen_section=&#8221;no&#8221; type=&#8221;full_width&#8221; angled_section=&#8221;no&#8221; text_align=&#8221;left&#8221; background_image_as_pattern=&#8221;without_pattern&#8221; el_id=&#8221;hero&#8221; z_index=&#8221;&#8221;][vc_column width=&#8221;1\/2&#8243;]\n\t\t\t<!-- START hero REVOLUTION SLIDER 6.6.16 --><p class=\"rs-p-wp-fix\"><\/p>\n\t\t\t<rs-module-wrap id=\"rev_slider_1_1_wrapper\" data-source=\"post\" style=\"visibility:hidden;background:transparent;padding:0;\">\n\t\t\t\t<rs-module id=\"rev_slider_1_1\" style=\"\" data-version=\"6.6.16\">\n\t\t\t\t\t<rs-slides style=\"overflow: hidden; position: absolute;\">\n\t\t\t\t\t\t<rs-slide style=\"position: absolute;\" data-key=\"rs-971\" data-title=\"Testimonials\" data-in=\"o:1;x:-100%;\">\n\t\t\t\t\t\t\t<img decoding=\"async\" src=\"\/\/www.drlanglois.ca\/wp-content\/plugins\/revslider\/public\/assets\/assets\/dummy.png\" alt=\"\" title=\"FAQ\" width=\"2000\" height=\"2000\" class=\"rev-slidebg tp-rs-img rs-lazyload\" data-lazyload=\"\/\/www.drlanglois.ca\/wp-content\/uploads\/2024\/06\/FAQ.jpg\" data-no-retina>\n<!---->\t\t\t\t\t\t<\/rs-slide>\n\t\t\t\t\t<\/rs-slides>\n\t\t\t\t<\/rs-module>\n\t\t\t\t<script>\n\t\t\t\t\tsetREVStartSize({c: 'rev_slider_1_1',rl:[1240,1024,778,480],el:[900],gw:[1240],gh:[900],type:'hero',justify:'',layout:'fullscreen',offsetContainer:'.sizer',offset:'0px',mh:\"0\"});if (window.RS_MODULES!==undefined && window.RS_MODULES.modules!==undefined && window.RS_MODULES.modules[\"revslider11\"]!==undefined) {window.RS_MODULES.modules[\"revslider11\"].once = false;window.revapi1 = undefined;if (window.RS_MODULES.checkMinimal!==undefined) window.RS_MODULES.checkMinimal()}\n\t\t\t\t<\/script>\n\t\t\t<\/rs-module-wrap>\n\t\t\t<!-- END REVOLUTION SLIDER -->\n[\/vc_column][vc_column width=&#8221;1\/2&#8243;][vc_column_text]<\/p>\n<h1>Testimonials<\/h1>\n<p>Explore the experiences of our patients<br \/>\n<a href=\"https:\/\/www.drlanglois.ca\/en\/book-a-consultation\/\">SCHEDULE A CONSULTATION<\/a>[\/vc_column_text][\/vc_column][\/vc_row][vc_row css_animation=&#8221;&#8221; row_type=&#8221;row&#8221; use_row_as_full_screen_section=&#8221;no&#8221; type=&#8221;grid&#8221; angled_section=&#8221;no&#8221; text_align=&#8221;left&#8221; background_image_as_pattern=&#8221;without_pattern&#8221; z_index=&#8221;&#8221; el_id=&#8221;full&#8221;][vc_column][vc_column_text]Find out what our patients have to say about their experiences at our clinic and the results they&#8217;ve achieved with our pain management treatments. Their testimonials provide valuable information about the quality of care we offer and the effectiveness of our treatments in improving their lives.[\/vc_column_text][vc_column_text]<div class=\"separ\"><svg xmlns=\"http:\/\/www.w3.org\/2000\/svg\" viewBox=\"0 0 174.32 173.46\"><defs><style>.zzz-1,.zzz-2{fill:#2d539e;}.zzz-2{stroke:#2d539e;stroke-miterlimit:10;stroke-width:2px;}<\/style><\/defs><g id=\"Layer_2\" data-name=\"Layer 2\"><g id=\"OBJECTS\"><path class=\"zzz-1\" d=\"M3.2,89.71A78.81,78.81,0,0,1,155,58.46,78.82,78.82,0,1,0,5.84,108.62,78.94,78.94,0,0,1,3.2,89.71Z\"\/><path class=\"zzz-1\" d=\"M155.39,70.61c1.56,44.4-32.32,81.63-75.67,83.16-33.35,1.17-62.58-19.12-75-48.76,9.68,34.76,41.51,59.68,78.36,58.38,43.35-1.52,77.23-38.75,75.67-83.16a82,82,0,0,0-6.31-28.88,82.29,82.29,0,0,1,3,19.25Z\"\/><path class=\"zzz-1\" d=\"M10.68,10.26s42.65,19.64,22.69,52-19.68,42.52-14.59,65.11c0,0-1.45-22.89,16.88-48.42S53.44,22.26,10.68,10.26Z\"\/><path class=\"zzz-1\" d=\"M50,173.46s-31.85-52.8,2.18-88.15S174.32,57.82,174.32,57.82s-55.42-22.43-113.89,8S39.48,162.55,50,173.46Z\"\/><path class=\"zzz-2\" d=\"M57,37.17a11.12,11.12,0,1,1,15.57,14.2A11.93,11.93,0,1,0,58,47.93a11.09,11.09,0,0,1-1-10.75Z\"\/><\/g><\/g><\/svg>\n    <\/div>[\/vc_column_text][\/vc_column][\/vc_row][vc_row css_animation=&#8221;&#8221; row_type=&#8221;row&#8221; use_row_as_full_screen_section=&#8221;no&#8221; type=&#8221;grid&#8221; angled_section=&#8221;no&#8221; text_align=&#8221;left&#8221; background_image_as_pattern=&#8221;without_pattern&#8221; el_id=&#8221;review&#8221; z_index=&#8221;&#8221;][vc_column][vc_row_inner row_type=&#8221;row&#8221; type=&#8221;full_width&#8221; text_align=&#8221;left&#8221; css_animation=&#8221;&#8221;][vc_column_inner]<div class='q_progress_bars_icons_holder'><div class='q_progress_bars_icons'><div class='q_progress_bars_icons_inner normal tiny clearfix' data-number='5'><div class='bar'><span class='bar_noactive fa-stack fa-lg'><i class=\"qode_icon_font_awesome fa fa-star \" style=\"\" ><\/i><\/span><span class='bar_active fa-stack fa-lg'><i class=\"qode_icon_font_awesome fa fa-star \" style=\"\" ><\/i><\/span><\/div><div class='bar'><span class='bar_noactive fa-stack fa-lg'><i class=\"qode_icon_font_awesome fa fa-star \" style=\"\" ><\/i><\/span><span class='bar_active fa-stack fa-lg'><i class=\"qode_icon_font_awesome fa fa-star \" style=\"\" ><\/i><\/span><\/div><div class='bar'><span class='bar_noactive fa-stack fa-lg'><i class=\"qode_icon_font_awesome fa fa-star \" style=\"\" ><\/i><\/span><span class='bar_active fa-stack fa-lg'><i class=\"qode_icon_font_awesome fa fa-star \" style=\"\" ><\/i><\/span><\/div><div class='bar'><span class='bar_noactive fa-stack fa-lg'><i class=\"qode_icon_font_awesome fa fa-star \" style=\"\" ><\/i><\/span><span class='bar_active fa-stack fa-lg'><i class=\"qode_icon_font_awesome fa fa-star \" style=\"\" ><\/i><\/span><\/div><div class='bar'><span class='bar_noactive fa-stack fa-lg'><i class=\"qode_icon_font_awesome fa fa-star \" style=\"\" ><\/i><\/span><span class='bar_active fa-stack fa-lg'><i class=\"qode_icon_font_awesome fa fa-star \" style=\"\" ><\/i><\/span><\/div><\/div><\/div><\/div>[vc_column_text]This is the best doctor in the world , he does everything scientifically , he doesn&#8217;t judge your style . He changed my quality of life totally . And yes he does urine test and this is absolutely genius . I recommend this doctor to everyone with chronic pain[\/vc_column_text][\/vc_column_inner][\/vc_row_inner][vc_row_inner row_type=&#8221;row&#8221; type=&#8221;full_width&#8221; text_align=&#8221;left&#8221; css_animation=&#8221;&#8221;][vc_column_inner]<div class='q_progress_bars_icons_holder'><div class='q_progress_bars_icons'><div class='q_progress_bars_icons_inner normal tiny clearfix' data-number='5'><div class='bar'><span class='bar_noactive fa-stack fa-lg'><i class=\"qode_icon_font_awesome fa fa-star \" style=\"\" ><\/i><\/span><span class='bar_active fa-stack fa-lg'><i class=\"qode_icon_font_awesome fa fa-star \" style=\"\" ><\/i><\/span><\/div><div class='bar'><span class='bar_noactive fa-stack fa-lg'><i class=\"qode_icon_font_awesome fa fa-star \" style=\"\" ><\/i><\/span><span class='bar_active fa-stack fa-lg'><i class=\"qode_icon_font_awesome fa fa-star \" style=\"\" ><\/i><\/span><\/div><div class='bar'><span class='bar_noactive fa-stack fa-lg'><i class=\"qode_icon_font_awesome fa fa-star \" style=\"\" ><\/i><\/span><span class='bar_active fa-stack fa-lg'><i class=\"qode_icon_font_awesome fa fa-star \" style=\"\" ><\/i><\/span><\/div><div class='bar'><span class='bar_noactive fa-stack fa-lg'><i class=\"qode_icon_font_awesome fa fa-star \" style=\"\" ><\/i><\/span><span class='bar_active fa-stack fa-lg'><i class=\"qode_icon_font_awesome fa fa-star \" style=\"\" ><\/i><\/span><\/div><div class='bar'><span class='bar_noactive fa-stack fa-lg'><i class=\"qode_icon_font_awesome fa fa-star \" style=\"\" ><\/i><\/span><span class='bar_active fa-stack fa-lg'><i class=\"qode_icon_font_awesome fa fa-star \" style=\"\" ><\/i><\/span><\/div><\/div><\/div><\/div>[vc_column_text]Dr Langlois changed my life.<br \/>\nI am deeply disappointed with his sudden decision to close his office in Ontario. I&#8217;ve been a patient for several years. Thank you Dr Langlois for all of your help. You truly are a miracle worker.[\/vc_column_text][\/vc_column_inner][\/vc_row_inner][vc_row_inner row_type=&#8221;row&#8221; type=&#8221;full_width&#8221; text_align=&#8221;left&#8221; css_animation=&#8221;&#8221;][vc_column_inner]<div class='q_progress_bars_icons_holder'><div class='q_progress_bars_icons'><div class='q_progress_bars_icons_inner normal tiny clearfix' data-number='5'><div class='bar'><span class='bar_noactive fa-stack fa-lg'><i class=\"qode_icon_font_awesome fa fa-star \" style=\"\" ><\/i><\/span><span class='bar_active fa-stack fa-lg'><i class=\"qode_icon_font_awesome fa fa-star \" style=\"\" ><\/i><\/span><\/div><div class='bar'><span class='bar_noactive fa-stack fa-lg'><i class=\"qode_icon_font_awesome fa fa-star \" style=\"\" ><\/i><\/span><span class='bar_active fa-stack fa-lg'><i class=\"qode_icon_font_awesome fa fa-star \" style=\"\" ><\/i><\/span><\/div><div class='bar'><span class='bar_noactive fa-stack fa-lg'><i class=\"qode_icon_font_awesome fa fa-star \" style=\"\" ><\/i><\/span><span class='bar_active fa-stack fa-lg'><i class=\"qode_icon_font_awesome fa fa-star \" style=\"\" ><\/i><\/span><\/div><div class='bar'><span class='bar_noactive fa-stack fa-lg'><i class=\"qode_icon_font_awesome fa fa-star \" style=\"\" ><\/i><\/span><span class='bar_active fa-stack fa-lg'><i class=\"qode_icon_font_awesome fa fa-star \" style=\"\" ><\/i><\/span><\/div><div class='bar'><span class='bar_noactive fa-stack fa-lg'><i class=\"qode_icon_font_awesome fa fa-star \" style=\"\" ><\/i><\/span><span class='bar_active fa-stack fa-lg'><i class=\"qode_icon_font_awesome fa fa-star \" style=\"\" ><\/i><\/span><\/div><\/div><\/div><\/div>[vc_column_text]Dr P. Langlois is an experienced anesthesiologist who does excellent work caring for patients in pain. He is a seasoned professional who knows exactly what he is doing. We are extremely lucky to have him in the Ottawa area. It&#8217;s no wonder that he is so busy. His type is hard to find.<br \/>\nI know, because I was dealing with a &#8220;pain doctor&#8221; 9 years ago who did me more harm than good. I feel so grateful to have finally been referred to this caring doctor.[\/vc_column_text][\/vc_column_inner][\/vc_row_inner][vc_row_inner row_type=&#8221;row&#8221; type=&#8221;full_width&#8221; text_align=&#8221;left&#8221; css_animation=&#8221;&#8221;][vc_column_inner]<div class='q_progress_bars_icons_holder'><div class='q_progress_bars_icons'><div class='q_progress_bars_icons_inner normal tiny clearfix' data-number='5'><div class='bar'><span class='bar_noactive fa-stack fa-lg'><i class=\"qode_icon_font_awesome fa fa-star \" style=\"\" ><\/i><\/span><span class='bar_active fa-stack fa-lg'><i class=\"qode_icon_font_awesome fa fa-star \" style=\"\" ><\/i><\/span><\/div><div class='bar'><span class='bar_noactive fa-stack fa-lg'><i class=\"qode_icon_font_awesome fa fa-star \" style=\"\" ><\/i><\/span><span class='bar_active fa-stack fa-lg'><i class=\"qode_icon_font_awesome fa fa-star \" style=\"\" ><\/i><\/span><\/div><div class='bar'><span class='bar_noactive fa-stack fa-lg'><i class=\"qode_icon_font_awesome fa fa-star \" style=\"\" ><\/i><\/span><span class='bar_active fa-stack fa-lg'><i class=\"qode_icon_font_awesome fa fa-star \" style=\"\" ><\/i><\/span><\/div><div class='bar'><span class='bar_noactive fa-stack fa-lg'><i class=\"qode_icon_font_awesome fa fa-star \" style=\"\" ><\/i><\/span><span class='bar_active fa-stack fa-lg'><i class=\"qode_icon_font_awesome fa fa-star \" style=\"\" ><\/i><\/span><\/div><div class='bar'><span class='bar_noactive fa-stack fa-lg'><i class=\"qode_icon_font_awesome fa fa-star \" style=\"\" ><\/i><\/span><span class='bar_active fa-stack fa-lg'><i class=\"qode_icon_font_awesome fa fa-star \" style=\"\" ><\/i><\/span><\/div><\/div><\/div><\/div>[vc_column_text]I have severe lower back pain. Due to mechanical failure in my lower back, the pain somehow radiates to my knees and feet. I would dread waking up in the morning because I knew my day would start with pain as soon as my feet went on the floor. I am only 50.<br \/>\nYesterday, Dr. Langlois performed a Cortisone injection in my lower back, and today (1 day later) the pain is almost completely gone. When I woke up and got out of bed, I started to cry. My daughter asked me, &#8220;What&#8217;s wrong mom?&#8221; I replied, &#8220;I&#8217;m happy because I feel great this morning.&#8221;<br \/>\nBless you Dr. Patrice Langlois! And your staff are very kind too.[\/vc_column_text][\/vc_column_inner][\/vc_row_inner][vc_row_inner row_type=&#8221;row&#8221; type=&#8221;full_width&#8221; text_align=&#8221;left&#8221; css_animation=&#8221;&#8221;][vc_column_inner]<div class='q_progress_bars_icons_holder'><div class='q_progress_bars_icons'><div class='q_progress_bars_icons_inner normal tiny clearfix' data-number='5'><div class='bar'><span class='bar_noactive fa-stack fa-lg'><i class=\"qode_icon_font_awesome fa fa-star \" style=\"\" ><\/i><\/span><span class='bar_active fa-stack fa-lg'><i class=\"qode_icon_font_awesome fa fa-star \" style=\"\" ><\/i><\/span><\/div><div class='bar'><span class='bar_noactive fa-stack fa-lg'><i class=\"qode_icon_font_awesome fa fa-star \" style=\"\" ><\/i><\/span><span class='bar_active fa-stack fa-lg'><i class=\"qode_icon_font_awesome fa fa-star \" style=\"\" ><\/i><\/span><\/div><div class='bar'><span class='bar_noactive fa-stack fa-lg'><i class=\"qode_icon_font_awesome fa fa-star \" style=\"\" ><\/i><\/span><span class='bar_active fa-stack fa-lg'><i class=\"qode_icon_font_awesome fa fa-star \" style=\"\" ><\/i><\/span><\/div><div class='bar'><span class='bar_noactive fa-stack fa-lg'><i class=\"qode_icon_font_awesome fa fa-star \" style=\"\" ><\/i><\/span><span class='bar_active fa-stack fa-lg'><i class=\"qode_icon_font_awesome fa fa-star \" style=\"\" ><\/i><\/span><\/div><div class='bar'><span class='bar_noactive fa-stack fa-lg'><i class=\"qode_icon_font_awesome fa fa-star \" style=\"\" ><\/i><\/span><span class='bar_active fa-stack fa-lg'><i class=\"qode_icon_font_awesome fa fa-star \" style=\"\" ><\/i><\/span><\/div><\/div><\/div><\/div>[vc_column_text]Professional, Knowledgeable and great bedside manner. Impressed to see the quality of care received by my living in &#8220;room mate&#8221;! Would highly recommend Dr. Langlois to all! Thank you[\/vc_column_text][\/vc_column_inner][\/vc_row_inner][vc_row_inner row_type=&#8221;row&#8221; type=&#8221;full_width&#8221; text_align=&#8221;left&#8221; css_animation=&#8221;&#8221;][vc_column_inner]<div class='q_progress_bars_icons_holder'><div class='q_progress_bars_icons'><div class='q_progress_bars_icons_inner normal tiny clearfix' data-number='5'><div class='bar'><span class='bar_noactive fa-stack fa-lg'><i class=\"qode_icon_font_awesome fa fa-star \" style=\"\" ><\/i><\/span><span class='bar_active fa-stack fa-lg'><i class=\"qode_icon_font_awesome fa fa-star \" style=\"\" ><\/i><\/span><\/div><div class='bar'><span class='bar_noactive fa-stack fa-lg'><i class=\"qode_icon_font_awesome fa fa-star \" style=\"\" ><\/i><\/span><span class='bar_active fa-stack fa-lg'><i class=\"qode_icon_font_awesome fa fa-star \" style=\"\" ><\/i><\/span><\/div><div class='bar'><span class='bar_noactive fa-stack fa-lg'><i class=\"qode_icon_font_awesome fa fa-star \" style=\"\" ><\/i><\/span><span class='bar_active fa-stack fa-lg'><i class=\"qode_icon_font_awesome fa fa-star \" style=\"\" ><\/i><\/span><\/div><div class='bar'><span class='bar_noactive fa-stack fa-lg'><i class=\"qode_icon_font_awesome fa fa-star \" style=\"\" ><\/i><\/span><span class='bar_active fa-stack fa-lg'><i class=\"qode_icon_font_awesome fa fa-star \" style=\"\" ><\/i><\/span><\/div><div class='bar'><span class='bar_noactive fa-stack fa-lg'><i class=\"qode_icon_font_awesome fa fa-star \" style=\"\" ><\/i><\/span><span class='bar_active fa-stack fa-lg'><i class=\"qode_icon_font_awesome fa fa-star \" style=\"\" ><\/i><\/span><\/div><\/div><\/div><\/div>[vc_column_text]Great person and very helpful. Very nice staff. I refer anyone who suffers from pain to him.[\/vc_column_text][\/vc_column_inner][\/vc_row_inner][\/vc_column][\/vc_row]<\/p>\n<\/section>","protected":false},"excerpt":{"rendered":"<p>[vc_row css_animation=&#8221;&#8221; row_type=&#8221;row&#8221; use_row_as_full_screen_section=&#8221;no&#8221; type=&#8221;full_width&#8221; angled_section=&#8221;no&#8221; text_align=&#8221;left&#8221; background_image_as_pattern=&#8221;without_pattern&#8221; el_id=&#8221;hero&#8221; z_index=&#8221;&#8221;][vc_column width=&#8221;1\/2&#8243;][\/vc_column][vc_column width=&#8221;1\/2&#8243;][vc_column_text] Testimonials Explore the experiences of our patients SCHEDULE A CONSULTATION[\/vc_column_text][\/vc_column][\/vc_row][vc_row css_animation=&#8221;&#8221; row_type=&#8221;row&#8221; use_row_as_full_screen_section=&#8221;no&#8221; type=&#8221;grid&#8221; angled_section=&#8221;no&#8221; text_align=&#8221;left&#8221; background_image_as_pattern=&#8221;without_pattern&#8221; z_index=&#8221;&#8221; el_id=&#8221;full&#8221;][vc_column][vc_column_text]Find out what our patients have to say about their experiences at our clinic and&#8230;<\/p>\n","protected":false},"author":1,"featured_media":729,"parent":0,"menu_order":0,"comment_status":"closed","ping_status":"closed","template":"full_width.php","meta":{"inline_featured_image":false,"footnotes":""},"class_list":["post-971","page","type-page","status-publish","has-post-thumbnail","hentry"],"acf":[],"yoast_head":"<!-- This site is optimized with the Yoast SEO plugin v22.9 - https:\/\/yoast.com\/wordpress\/plugins\/seo\/ -->\n<title>Testimonials in Montreal, Ottawa, Gatineau<\/title>\n<meta name=\"description\" content=\"Explore the experiences of our patients\" \/>\n<meta name=\"robots\" content=\"index, follow, max-snippet:-1, max-image-preview:large, max-video-preview:-1\" \/>\n<link rel=\"canonical\" href=\"https:\/\/www.drlanglois.ca\/en\/testimonial\/\" \/>\n<meta property=\"og:locale\" content=\"en_US\" \/>\n<meta property=\"og:type\" content=\"article\" \/>\n<meta property=\"og:title\" content=\"Testimonials in Montreal, Ottawa, Gatineau\" \/>\n<meta property=\"og:description\" content=\"Explore the experiences of our patients\" \/>\n<meta property=\"og:url\" content=\"https:\/\/www.drlanglois.ca\/en\/testimonial\/\" \/>\n<meta property=\"og:site_name\" content=\"Clinique de gestion de la douleur chronique \u00e0 Montr\u00e9al et \u00e0 Gatineau\" \/>\n<meta property=\"article:publisher\" content=\"https:\/\/www.facebook.com\/drpatricelanglois\/\" \/>\n<meta property=\"article:modified_time\" content=\"2024-07-15T17:18:03+00:00\" \/>\n<meta property=\"og:image\" content=\"https:\/\/www.drlanglois.ca\/wp-content\/uploads\/2024\/06\/FAQ.jpg\" \/>\n\t<meta property=\"og:image:width\" content=\"2000\" \/>\n\t<meta property=\"og:image:height\" content=\"2000\" \/>\n\t<meta property=\"og:image:type\" content=\"image\/jpeg\" \/>\n<meta name=\"twitter:card\" content=\"summary_large_image\" \/>\n<meta name=\"twitter:label1\" content=\"Est. reading time\" \/>\n\t<meta name=\"twitter:data1\" content=\"3 minutes\" \/>\n<script type=\"application\/ld+json\" class=\"yoast-schema-graph\">{\"@context\":\"https:\/\/schema.org\",\"@graph\":[{\"@type\":\"WebPage\",\"@id\":\"https:\/\/www.drlanglois.ca\/en\/testimonial\/\",\"url\":\"https:\/\/www.drlanglois.ca\/en\/testimonial\/\",\"name\":\"Testimonials in Montreal, Ottawa, Gatineau\",\"isPartOf\":{\"@id\":\"https:\/\/www.drlanglois.ca\/en\/#website\"},\"primaryImageOfPage\":{\"@id\":\"https:\/\/www.drlanglois.ca\/en\/testimonial\/#primaryimage\"},\"image\":{\"@id\":\"https:\/\/www.drlanglois.ca\/en\/testimonial\/#primaryimage\"},\"thumbnailUrl\":\"https:\/\/www.drlanglois.ca\/wp-content\/uploads\/2024\/06\/FAQ.jpg\",\"datePublished\":\"2024-06-03T17:15:45+00:00\",\"dateModified\":\"2024-07-15T17:18:03+00:00\",\"description\":\"Explore the experiences of our patients\",\"breadcrumb\":{\"@id\":\"https:\/\/www.drlanglois.ca\/en\/testimonial\/#breadcrumb\"},\"inLanguage\":\"en-US\",\"potentialAction\":[{\"@type\":\"ReadAction\",\"target\":[\"https:\/\/www.drlanglois.ca\/en\/testimonial\/\"]}]},{\"@type\":\"ImageObject\",\"inLanguage\":\"en-US\",\"@id\":\"https:\/\/www.drlanglois.ca\/en\/testimonial\/#primaryimage\",\"url\":\"https:\/\/www.drlanglois.ca\/wp-content\/uploads\/2024\/06\/FAQ.jpg\",\"contentUrl\":\"https:\/\/www.drlanglois.ca\/wp-content\/uploads\/2024\/06\/FAQ.jpg\",\"width\":2000,\"height\":2000},{\"@type\":\"BreadcrumbList\",\"@id\":\"https:\/\/www.drlanglois.ca\/en\/testimonial\/#breadcrumb\",\"itemListElement\":[{\"@type\":\"ListItem\",\"position\":1,\"name\":\"Home\",\"item\":\"https:\/\/www.drlanglois.ca\/en\/\"},{\"@type\":\"ListItem\",\"position\":2,\"name\":\"Testimonials\"}]},{\"@type\":\"WebSite\",\"@id\":\"https:\/\/www.drlanglois.ca\/en\/#website\",\"url\":\"https:\/\/www.drlanglois.ca\/en\/\",\"name\":\"Clinique de gestion de la douleur chronique \u00e0 Montr\u00e9al et \u00e0 Gatineau\",\"description\":\"Dr Patrice Langlois\",\"publisher\":{\"@id\":\"https:\/\/www.drlanglois.ca\/en\/#organization\"},\"potentialAction\":[{\"@type\":\"SearchAction\",\"target\":{\"@type\":\"EntryPoint\",\"urlTemplate\":\"https:\/\/www.drlanglois.ca\/en\/?s={search_term_string}\"},\"query-input\":\"required name=search_term_string\"}],\"inLanguage\":\"en-US\"},{\"@type\":\"Organization\",\"@id\":\"https:\/\/www.drlanglois.ca\/en\/#organization\",\"name\":\"Dr Patrice Langlois\",\"alternateName\":\"La clinique de gestion de la douleur du Dr Patrice Langlois\",\"url\":\"https:\/\/www.drlanglois.ca\/en\/\",\"logo\":{\"@type\":\"ImageObject\",\"inLanguage\":\"en-US\",\"@id\":\"https:\/\/www.drlanglois.ca\/en\/#\/schema\/logo\/image\/\",\"url\":\"https:\/\/www.drlanglois.ca\/wp-content\/uploads\/2024\/06\/lang3.png\",\"contentUrl\":\"https:\/\/www.drlanglois.ca\/wp-content\/uploads\/2024\/06\/lang3.png\",\"width\":696,\"height\":693,\"caption\":\"Dr Patrice Langlois\"},\"image\":{\"@id\":\"https:\/\/www.drlanglois.ca\/en\/#\/schema\/logo\/image\/\"},\"sameAs\":[\"https:\/\/www.facebook.com\/drpatricelanglois\/\",\"https:\/\/www.instagram.com\/drpatricelanglois\/\"]}]}<\/script>\n<!-- \/ Yoast SEO plugin. -->","yoast_head_json":{"title":"Testimonials in Montreal, Ottawa, Gatineau","description":"Explore the experiences of our patients","robots":{"index":"index","follow":"follow","max-snippet":"max-snippet:-1","max-image-preview":"max-image-preview:large","max-video-preview":"max-video-preview:-1"},"canonical":"https:\/\/www.drlanglois.ca\/en\/testimonial\/","og_locale":"en_US","og_type":"article","og_title":"Testimonials in Montreal, Ottawa, Gatineau","og_description":"Explore the experiences of our patients","og_url":"https:\/\/www.drlanglois.ca\/en\/testimonial\/","og_site_name":"Clinique de gestion de la douleur chronique \u00e0 Montr\u00e9al et \u00e0 Gatineau","article_publisher":"https:\/\/www.facebook.com\/drpatricelanglois\/","article_modified_time":"2024-07-15T17:18:03+00:00","og_image":[{"width":2000,"height":2000,"url":"https:\/\/www.drlanglois.ca\/wp-content\/uploads\/2024\/06\/FAQ.jpg","type":"image\/jpeg"}],"twitter_card":"summary_large_image","twitter_misc":{"Est. reading time":"3 minutes"},"schema":{"@context":"https:\/\/schema.org","@graph":[{"@type":"WebPage","@id":"https:\/\/www.drlanglois.ca\/en\/testimonial\/","url":"https:\/\/www.drlanglois.ca\/en\/testimonial\/","name":"Testimonials in Montreal, Ottawa, Gatineau","isPartOf":{"@id":"https:\/\/www.drlanglois.ca\/en\/#website"},"primaryImageOfPage":{"@id":"https:\/\/www.drlanglois.ca\/en\/testimonial\/#primaryimage"},"image":{"@id":"https:\/\/www.drlanglois.ca\/en\/testimonial\/#primaryimage"},"thumbnailUrl":"https:\/\/www.drlanglois.ca\/wp-content\/uploads\/2024\/06\/FAQ.jpg","datePublished":"2024-06-03T17:15:45+00:00","dateModified":"2024-07-15T17:18:03+00:00","description":"Explore the experiences of our patients","breadcrumb":{"@id":"https:\/\/www.drlanglois.ca\/en\/testimonial\/#breadcrumb"},"inLanguage":"en-US","potentialAction":[{"@type":"ReadAction","target":["https:\/\/www.drlanglois.ca\/en\/testimonial\/"]}]},{"@type":"ImageObject","inLanguage":"en-US","@id":"https:\/\/www.drlanglois.ca\/en\/testimonial\/#primaryimage","url":"https:\/\/www.drlanglois.ca\/wp-content\/uploads\/2024\/06\/FAQ.jpg","contentUrl":"https:\/\/www.drlanglois.ca\/wp-content\/uploads\/2024\/06\/FAQ.jpg","width":2000,"height":2000},{"@type":"BreadcrumbList","@id":"https:\/\/www.drlanglois.ca\/en\/testimonial\/#breadcrumb","itemListElement":[{"@type":"ListItem","position":1,"name":"Home","item":"https:\/\/www.drlanglois.ca\/en\/"},{"@type":"ListItem","position":2,"name":"Testimonials"}]},{"@type":"WebSite","@id":"https:\/\/www.drlanglois.ca\/en\/#website","url":"https:\/\/www.drlanglois.ca\/en\/","name":"Clinique de gestion de la douleur chronique \u00e0 Montr\u00e9al et \u00e0 Gatineau","description":"Dr Patrice Langlois","publisher":{"@id":"https:\/\/www.drlanglois.ca\/en\/#organization"},"potentialAction":[{"@type":"SearchAction","target":{"@type":"EntryPoint","urlTemplate":"https:\/\/www.drlanglois.ca\/en\/?s={search_term_string}"},"query-input":"required name=search_term_string"}],"inLanguage":"en-US"},{"@type":"Organization","@id":"https:\/\/www.drlanglois.ca\/en\/#organization","name":"Dr Patrice Langlois","alternateName":"La clinique de gestion de la douleur du Dr Patrice Langlois","url":"https:\/\/www.drlanglois.ca\/en\/","logo":{"@type":"ImageObject","inLanguage":"en-US","@id":"https:\/\/www.drlanglois.ca\/en\/#\/schema\/logo\/image\/","url":"https:\/\/www.drlanglois.ca\/wp-content\/uploads\/2024\/06\/lang3.png","contentUrl":"https:\/\/www.drlanglois.ca\/wp-content\/uploads\/2024\/06\/lang3.png","width":696,"height":693,"caption":"Dr Patrice Langlois"},"image":{"@id":"https:\/\/www.drlanglois.ca\/en\/#\/schema\/logo\/image\/"},"sameAs":["https:\/\/www.facebook.com\/drpatricelanglois\/","https:\/\/www.instagram.com\/drpatricelanglois\/"]}]}},"_links":{"self":[{"href":"https:\/\/www.drlanglois.ca\/en\/wp-json\/wp\/v2\/pages\/971","targetHints":{"allow":["GET"]}}],"collection":[{"href":"https:\/\/www.drlanglois.ca\/en\/wp-json\/wp\/v2\/pages"}],"about":[{"href":"https:\/\/www.drlanglois.ca\/en\/wp-json\/wp\/v2\/types\/page"}],"author":[{"embeddable":true,"href":"https:\/\/www.drlanglois.ca\/en\/wp-json\/wp\/v2\/users\/1"}],"replies":[{"embeddable":true,"href":"https:\/\/www.drlanglois.ca\/en\/wp-json\/wp\/v2\/comments?post=971"}],"version-history":[{"count":5,"href":"https:\/\/www.drlanglois.ca\/en\/wp-json\/wp\/v2\/pages\/971\/revisions"}],"predecessor-version":[{"id":1073,"href":"https:\/\/www.drlanglois.ca\/en\/wp-json\/wp\/v2\/pages\/971\/revisions\/1073"}],"wp:featuredmedia":[{"embeddable":true,"href":"https:\/\/www.drlanglois.ca\/en\/wp-json\/wp\/v2\/media\/729"}],"wp:attachment":[{"href":"https:\/\/www.drlanglois.ca\/en\/wp-json\/wp\/v2\/media?parent=971"}],"curies":[{"name":"wp","href":"https:\/\/api.w.org\/{rel}","templated":true}]}}