{"id":933,"date":"2024-06-03T17:09:45","date_gmt":"2024-06-03T17:09:45","guid":{"rendered":"https:\/\/www.drlanglois.ca\/faq\/"},"modified":"2024-07-11T14:03:27","modified_gmt":"2024-07-11T14:03:27","slug":"faq","status":"publish","type":"page","link":"https:\/\/www.drlanglois.ca\/en\/faq\/","title":{"rendered":"FAQ"},"content":{"rendered":"<section class=\"wpb-content-wrapper\"><p>[vc_row css_animation=&#8221;&#8221; row_type=&#8221;row&#8221; use_row_as_full_screen_section=&#8221;no&#8221; type=&#8221;full_width&#8221; angled_section=&#8221;no&#8221; text_align=&#8221;left&#8221; background_image_as_pattern=&#8221;without_pattern&#8221; el_id=&#8221;hero&#8221; z_index=&#8221;&#8221;][vc_column width=&#8221;1\/2&#8243;]\n\t\t\t<!-- START hero REVOLUTION SLIDER 6.6.16 --><p class=\"rs-p-wp-fix\"><\/p>\n\t\t\t<rs-module-wrap id=\"rev_slider_1_1_wrapper\" data-source=\"post\" style=\"visibility:hidden;background:transparent;padding:0;\">\n\t\t\t\t<rs-module id=\"rev_slider_1_1\" style=\"\" data-version=\"6.6.16\">\n\t\t\t\t\t<rs-slides style=\"overflow: hidden; position: absolute;\">\n\t\t\t\t\t\t<rs-slide style=\"position: absolute;\" data-key=\"rs-933\" data-title=\"FAQ\" data-in=\"o:1;x:-100%;\">\n\t\t\t\t\t\t\t<img decoding=\"async\" src=\"\/\/www.drlanglois.ca\/wp-content\/plugins\/revslider\/public\/assets\/assets\/dummy.png\" alt=\"\" title=\"FAQ\" width=\"2000\" height=\"2000\" class=\"rev-slidebg tp-rs-img rs-lazyload\" data-lazyload=\"\/\/www.drlanglois.ca\/wp-content\/uploads\/2024\/06\/FAQ.jpg\" data-no-retina>\n<!---->\t\t\t\t\t\t<\/rs-slide>\n\t\t\t\t\t<\/rs-slides>\n\t\t\t\t<\/rs-module>\n\t\t\t\t<script>\n\t\t\t\t\tsetREVStartSize({c: 'rev_slider_1_1',rl:[1240,1024,778,480],el:[900],gw:[1240],gh:[900],type:'hero',justify:'',layout:'fullscreen',offsetContainer:'.sizer',offset:'0px',mh:\"0\"});if (window.RS_MODULES!==undefined && window.RS_MODULES.modules!==undefined && window.RS_MODULES.modules[\"revslider11\"]!==undefined) {window.RS_MODULES.modules[\"revslider11\"].once = false;window.revapi1 = undefined;if (window.RS_MODULES.checkMinimal!==undefined) window.RS_MODULES.checkMinimal()}\n\t\t\t\t<\/script>\n\t\t\t<\/rs-module-wrap>\n\t\t\t<!-- END REVOLUTION SLIDER -->\n[\/vc_column][vc_column width=&#8221;1\/2&#8243;][vc_column_text]<\/p>\n<h1>FAQ<\/h1>\n<p>Frequently asked questions about chronic pain and pain management.<br \/>\n<a href=\"https:\/\/www.drlanglois.ca\/en\/book-a-consultation\/\">SCHEDULE A CONSULTATION<\/a>[\/vc_column_text][\/vc_column][\/vc_row][vc_row css_animation=&#8221;&#8221; row_type=&#8221;row&#8221; use_row_as_full_screen_section=&#8221;no&#8221; type=&#8221;grid&#8221; angled_section=&#8221;no&#8221; text_align=&#8221;left&#8221; background_image_as_pattern=&#8221;without_pattern&#8221; z_index=&#8221;&#8221; el_id=&#8221;full&#8221;][vc_column][vc_column_text]Many patients have questions about their chronic pain and how we can help them manage it. Below, you can find answers to common questions and concerns about the understanding and treatment of chronic pain. <\/p>\n<p>If you don\u2019t find the answers you\u2019re looking for, we welcome you to reach out and <a href=\"https:\/\/www.drlanglois.ca\/en\/book-a-consultation\/\">schedule a consultation<\/a> with our experts. [\/vc_column_text][vc_column_text]<div class=\"separ\"><svg xmlns=\"http:\/\/www.w3.org\/2000\/svg\" viewBox=\"0 0 174.32 173.46\"><defs><style>.zzz-1,.zzz-2{fill:#2d539e;}.zzz-2{stroke:#2d539e;stroke-miterlimit:10;stroke-width:2px;}<\/style><\/defs><g id=\"Layer_2\" data-name=\"Layer 2\"><g id=\"OBJECTS\"><path class=\"zzz-1\" d=\"M3.2,89.71A78.81,78.81,0,0,1,155,58.46,78.82,78.82,0,1,0,5.84,108.62,78.94,78.94,0,0,1,3.2,89.71Z\"\/><path class=\"zzz-1\" d=\"M155.39,70.61c1.56,44.4-32.32,81.63-75.67,83.16-33.35,1.17-62.58-19.12-75-48.76,9.68,34.76,41.51,59.68,78.36,58.38,43.35-1.52,77.23-38.75,75.67-83.16a82,82,0,0,0-6.31-28.88,82.29,82.29,0,0,1,3,19.25Z\"\/><path class=\"zzz-1\" d=\"M10.68,10.26s42.65,19.64,22.69,52-19.68,42.52-14.59,65.11c0,0-1.45-22.89,16.88-48.42S53.44,22.26,10.68,10.26Z\"\/><path class=\"zzz-1\" d=\"M50,173.46s-31.85-52.8,2.18-88.15S174.32,57.82,174.32,57.82s-55.42-22.43-113.89,8S39.48,162.55,50,173.46Z\"\/><path class=\"zzz-2\" d=\"M57,37.17a11.12,11.12,0,1,1,15.57,14.2A11.93,11.93,0,1,0,58,47.93a11.09,11.09,0,0,1-1-10.75Z\"\/><\/g><\/g><\/svg>\n    <\/div>[\/vc_column_text][\/vc_column][\/vc_row][vc_row css_animation=&#8221;&#8221; row_type=&#8221;row&#8221; use_row_as_full_screen_section=&#8221;no&#8221; type=&#8221;grid&#8221; angled_section=&#8221;no&#8221; text_align=&#8221;left&#8221; background_image_as_pattern=&#8221;without_pattern&#8221; el_id=&#8221;faq&#8221; z_index=&#8221;&#8221;][vc_column]<div class=\"qode-accordion-holder clearfix qode-toggle qode-initial \">\n\t<h3 class=\"clearfix qode-title-holder\">\n<span class=\"qode-tab-title\">\n\t    <span class=\"qode-tab-title-inner\">\n        What should I expect during my first visit?    <\/span>\n<\/span>\n<span class=\"qode-accordion-mark\">\n    <span class=\"qode-accordion-mark-icon\">\n        <span class=\"icon_plus\"><\/span>\n        <span class=\"icon_minus-06\"><\/span>\n    <\/span>\n<\/span>\n<\/h3>\n<div  class=\"qode-accordion-content \" >\n    <div class=\"qode-accordion-content-inner\">\n        [vc_column_text]During your initial consultation, you&#8217;ll meet with one of our experienced pain specialists who will take the time to understand your medical history, evaluate your symptoms, and discuss your treatment goals. We&#8217;ll work together to develop a personalized treatment plan tailored to your specific needs.[\/vc_column_text]    <\/div>\n<\/div><h3 class=\"clearfix qode-title-holder\">\n<span class=\"qode-tab-title\">\n\t    <span class=\"qode-tab-title-inner\">\n        Do I need to be accompanied for my appointment?    <\/span>\n<\/span>\n<span class=\"qode-accordion-mark\">\n    <span class=\"qode-accordion-mark-icon\">\n        <span class=\"icon_plus\"><\/span>\n        <span class=\"icon_minus-06\"><\/span>\n    <\/span>\n<\/span>\n<\/h3>\n<div  class=\"qode-accordion-content \" >\n    <div class=\"qode-accordion-content-inner\">\n        [vc_column_text]Some treatments require support, as some may temporarily affect mobility or reflexes.[\/vc_column_text]    <\/div>\n<\/div><h3 class=\"clearfix qode-title-holder\">\n<span class=\"qode-tab-title\">\n\t    <span class=\"qode-tab-title-inner\">\n        Can I stop pain medication if the injections work?    <\/span>\n<\/span>\n<span class=\"qode-accordion-mark\">\n    <span class=\"qode-accordion-mark-icon\">\n        <span class=\"icon_plus\"><\/span>\n        <span class=\"icon_minus-06\"><\/span>\n    <\/span>\n<\/span>\n<\/h3>\n<div  class=\"qode-accordion-content \" >\n    <div class=\"qode-accordion-content-inner\">\n        [vc_column_text]It is best to wait until the initial treatment is completed before changing the medication. If the person feels significant relief, they can gradually reduce their medication with my help or that of their family doctor.[\/vc_column_text]    <\/div>\n<\/div><h3 class=\"clearfix qode-title-holder\">\n<span class=\"qode-tab-title\">\n\t    <span class=\"qode-tab-title-inner\">\n        Can I shovel or garden, or return to work after the injection?    <\/span>\n<\/span>\n<span class=\"qode-accordion-mark\">\n    <span class=\"qode-accordion-mark-icon\">\n        <span class=\"icon_plus\"><\/span>\n        <span class=\"icon_minus-06\"><\/span>\n    <\/span>\n<\/span>\n<\/h3>\n<div  class=\"qode-accordion-content \" >\n    <div class=\"qode-accordion-content-inner\">\n        [vc_column_text]It is preferable to wait for the response to treatments before returning to daily activity or work; often, a gradual approach of low intensity and duration will be preferred.[\/vc_column_text]    <\/div>\n<\/div><h3 class=\"clearfix qode-title-holder\">\n<span class=\"qode-tab-title\">\n\t    <span class=\"qode-tab-title-inner\">\n        Do I come back for treatments?    <\/span>\n<\/span>\n<span class=\"qode-accordion-mark\">\n    <span class=\"qode-accordion-mark-icon\">\n        <span class=\"icon_plus\"><\/span>\n        <span class=\"icon_minus-06\"><\/span>\n    <\/span>\n<\/span>\n<\/h3>\n<div  class=\"qode-accordion-content \" >\n    <div class=\"qode-accordion-content-inner\">\n        [vc_column_text]Many of our procedures will require maintenance treatments to maintain the same level of pain reduction. However, other treatments involve no maintenance because they reach a plateau. This depends on your condition and its severity.[\/vc_column_text]    <\/div>\n<\/div><h3 class=\"clearfix qode-title-holder\">\n<span class=\"qode-tab-title\">\n\t    <span class=\"qode-tab-title-inner\">\n        Can cortisone be harmful?    <\/span>\n<\/span>\n<span class=\"qode-accordion-mark\">\n    <span class=\"qode-accordion-mark-icon\">\n        <span class=\"icon_plus\"><\/span>\n        <span class=\"icon_minus-06\"><\/span>\n    <\/span>\n<\/span>\n<\/h3>\n<div  class=\"qode-accordion-content \" >\n    <div class=\"qode-accordion-content-inner\">\n        [vc_column_text]Cortisone can help increase the risk of osteoporosis, especially if treatments are high-dose and frequent. However, in some cases, it allows people to be more mobile, promoting physical activity. Age may also be a factor to consider; a more conservative approach will be chosen in younger patients to avoid long-term exposure. Meanwhile, in elderly patients, quality of life and mobility are important factors in decision-making.[\/vc_column_text]    <\/div>\n<\/div><h3 class=\"clearfix qode-title-holder\">\n<span class=\"qode-tab-title\">\n\t    <span class=\"qode-tab-title-inner\">\n        Is methadone right for addiction?    <\/span>\n<\/span>\n<span class=\"qode-accordion-mark\">\n    <span class=\"qode-accordion-mark-icon\">\n        <span class=\"icon_plus\"><\/span>\n        <span class=\"icon_minus-06\"><\/span>\n    <\/span>\n<\/span>\n<\/h3>\n<div  class=\"qode-accordion-content \" >\n    <div class=\"qode-accordion-content-inner\">\n        [vc_column_text]Methadone is a tablet form, not a liquid, and is used for chronic pain, often in patients who are experiencing opiate tolerance (when opiates work less) due to prolonged exposure. Methadone is also very effective in the treatment of neuropathic (nerve-related) pain.[\/vc_column_text]    <\/div>\n<\/div><h3 class=\"clearfix qode-title-holder\">\n<span class=\"qode-tab-title\">\n\t    <span class=\"qode-tab-title-inner\">\n        Can ketamine infusion help me with depression?    <\/span>\n<\/span>\n<span class=\"qode-accordion-mark\">\n    <span class=\"qode-accordion-mark-icon\">\n        <span class=\"icon_plus\"><\/span>\n        <span class=\"icon_minus-06\"><\/span>\n    <\/span>\n<\/span>\n<\/h3>\n<div  class=\"qode-accordion-content \" >\n    <div class=\"qode-accordion-content-inner\">\n        [vc_column_text]Ketamine infusions for chronic pain will be used in situations where conventional treatments (injections, medication) are ineffective or plateau. For the treatment of depression, ketamine is used in patients who do not respond to two or more antidepressants. Thus, some patients who receive ketamine infusion for the treatment of their pain condition will report an improvement in their mood.[\/vc_column_text]    <\/div>\n<\/div><h3 class=\"clearfix qode-title-holder\">\n<span class=\"qode-tab-title\">\n\t    <span class=\"qode-tab-title-inner\">\n        Can cannabis replace morphine?    <\/span>\n<\/span>\n<span class=\"qode-accordion-mark\">\n    <span class=\"qode-accordion-mark-icon\">\n        <span class=\"icon_plus\"><\/span>\n        <span class=\"icon_minus-06\"><\/span>\n    <\/span>\n<\/span>\n<\/h3>\n<div  class=\"qode-accordion-content \" >\n    <div class=\"qode-accordion-content-inner\">\n        [vc_column_text]This depends on several factors, including the dose of morphine to be substituted, the duration of use of morphine, and the pain condition affecting the patient. What I have observed in my practice is that when used as co-analgesia, Cannabis tends to reduce the doses of morphine needed.[\/vc_column_text]    <\/div>\n<\/div><h3 class=\"clearfix qode-title-holder\">\n<span class=\"qode-tab-title\">\n\t    <span class=\"qode-tab-title-inner\">\n        Will the treatment cure me?    <\/span>\n<\/span>\n<span class=\"qode-accordion-mark\">\n    <span class=\"qode-accordion-mark-icon\">\n        <span class=\"icon_plus\"><\/span>\n        <span class=\"icon_minus-06\"><\/span>\n    <\/span>\n<\/span>\n<\/h3>\n<div  class=\"qode-accordion-content \" >\n    <div class=\"qode-accordion-content-inner\">\n        [vc_column_text]The objective of the treatments is not to cure the patient but to relieve them, i.e. a reduction of at least 30% in their initial pain; not all treatments give the same results from one patient to another.[\/vc_column_text]    <\/div>\n<\/div><h3 class=\"clearfix qode-title-holder\">\n<span class=\"qode-tab-title\">\n\t    <span class=\"qode-tab-title-inner\">\n        If the injections don&#039;t work, is there anything else that can be done?    <\/span>\n<\/span>\n<span class=\"qode-accordion-mark\">\n    <span class=\"qode-accordion-mark-icon\">\n        <span class=\"icon_plus\"><\/span>\n        <span class=\"icon_minus-06\"><\/span>\n    <\/span>\n<\/span>\n<\/h3>\n<div  class=\"qode-accordion-content \" >\n    <div class=\"qode-accordion-content-inner\">\n        [vc_column_text]Analgesic medication, intravenous analgesic infusions, and medical cannabis are available options.[\/vc_column_text]    <\/div>\n<\/div><h3 class=\"clearfix qode-title-holder\">\n<span class=\"qode-tab-title\">\n\t    <span class=\"qode-tab-title-inner\">\n        How can I schedule an appointment?    <\/span>\n<\/span>\n<span class=\"qode-accordion-mark\">\n    <span class=\"qode-accordion-mark-icon\">\n        <span class=\"icon_plus\"><\/span>\n        <span class=\"icon_minus-06\"><\/span>\n    <\/span>\n<\/span>\n<\/h3>\n<div  class=\"qode-accordion-content \" >\n    <div class=\"qode-accordion-content-inner\">\n        [vc_column_text]Scheduling an appointment is easy. You can call our clinic during business hours to speak with our friendly staff and book your appointment. Alternatively, you can visit our website and use our online booking system to schedule a convenient time for your consultation.[\/vc_column_text]    <\/div>\n<\/div><h3 class=\"clearfix qode-title-holder\">\n<span class=\"qode-tab-title\">\n\t    <span class=\"qode-tab-title-inner\">\n        What types of conditions can be treated?    <\/span>\n<\/span>\n<span class=\"qode-accordion-mark\">\n    <span class=\"qode-accordion-mark-icon\">\n        <span class=\"icon_plus\"><\/span>\n        <span class=\"icon_minus-06\"><\/span>\n    <\/span>\n<\/span>\n<\/h3>\n<div  class=\"qode-accordion-content \" >\n    <div class=\"qode-accordion-content-inner\">\n        [vc_column_text]Our clinic specializes in the management of chronic pain conditions, including but not limited to back pain, neck pain, joint pain, neuropathic pain, fibromyalgia, and complex regional pain syndrome (CRPS). We also offer services for individuals experiencing pain related to injuries or post-surgical recovery.[\/vc_column_text]    <\/div>\n<\/div><\/div>[\/vc_column][\/vc_row]<\/p>\n<\/section>","protected":false},"excerpt":{"rendered":"<p>[vc_row css_animation=&#8221;&#8221; row_type=&#8221;row&#8221; use_row_as_full_screen_section=&#8221;no&#8221; type=&#8221;full_width&#8221; angled_section=&#8221;no&#8221; text_align=&#8221;left&#8221; background_image_as_pattern=&#8221;without_pattern&#8221; el_id=&#8221;hero&#8221; z_index=&#8221;&#8221;][vc_column width=&#8221;1\/2&#8243;][\/vc_column][vc_column width=&#8221;1\/2&#8243;][vc_column_text] FAQ Frequently asked questions about chronic pain and pain management. SCHEDULE A CONSULTATION[\/vc_column_text][\/vc_column][\/vc_row][vc_row css_animation=&#8221;&#8221; row_type=&#8221;row&#8221; use_row_as_full_screen_section=&#8221;no&#8221; type=&#8221;grid&#8221; angled_section=&#8221;no&#8221; text_align=&#8221;left&#8221; background_image_as_pattern=&#8221;without_pattern&#8221; z_index=&#8221;&#8221; el_id=&#8221;full&#8221;][vc_column][vc_column_text]Many patients have questions about their chronic pain and how we can&#8230;<\/p>\n","protected":false},"author":1,"featured_media":729,"parent":0,"menu_order":0,"comment_status":"closed","ping_status":"closed","template":"full_width.php","meta":{"inline_featured_image":false,"footnotes":""},"class_list":["post-933","page","type-page","status-publish","has-post-thumbnail","hentry"],"acf":[],"yoast_head":"<!-- This site is optimized with the Yoast SEO plugin v22.9 - https:\/\/yoast.com\/wordpress\/plugins\/seo\/ -->\n<title>FAQ in Montreal, Ottawa, Gatineau<\/title>\n<meta name=\"description\" content=\"Frequently asked questions about chronic pain and pain management.\" \/>\n<meta name=\"robots\" content=\"index, follow, max-snippet:-1, max-image-preview:large, max-video-preview:-1\" \/>\n<link rel=\"canonical\" href=\"https:\/\/www.drlanglois.ca\/en\/faq\/\" \/>\n<meta property=\"og:locale\" content=\"en_US\" \/>\n<meta property=\"og:type\" content=\"article\" \/>\n<meta property=\"og:title\" content=\"FAQ in Montreal, Ottawa, Gatineau\" \/>\n<meta property=\"og:description\" content=\"Frequently asked questions about chronic pain and pain management.\" \/>\n<meta property=\"og:url\" content=\"https:\/\/www.drlanglois.ca\/en\/faq\/\" \/>\n<meta property=\"og:site_name\" content=\"Clinique de gestion de la douleur chronique \u00e0 Montr\u00e9al et \u00e0 Gatineau\" \/>\n<meta property=\"article:publisher\" content=\"https:\/\/www.facebook.com\/drpatricelanglois\/\" \/>\n<meta property=\"article:modified_time\" content=\"2024-07-11T14:03:27+00:00\" \/>\n<meta property=\"og:image\" content=\"https:\/\/www.drlanglois.ca\/wp-content\/uploads\/2024\/06\/FAQ.jpg\" \/>\n\t<meta property=\"og:image:width\" content=\"2000\" \/>\n\t<meta property=\"og:image:height\" content=\"2000\" \/>\n\t<meta property=\"og:image:type\" content=\"image\/jpeg\" \/>\n<meta name=\"twitter:card\" content=\"summary_large_image\" \/>\n<meta name=\"twitter:label1\" content=\"Est. reading time\" \/>\n\t<meta name=\"twitter:data1\" content=\"5 minutes\" \/>\n<script type=\"application\/ld+json\" class=\"yoast-schema-graph\">{\"@context\":\"https:\/\/schema.org\",\"@graph\":[{\"@type\":\"WebPage\",\"@id\":\"https:\/\/www.drlanglois.ca\/en\/faq\/\",\"url\":\"https:\/\/www.drlanglois.ca\/en\/faq\/\",\"name\":\"FAQ in Montreal, Ottawa, Gatineau\",\"isPartOf\":{\"@id\":\"https:\/\/www.drlanglois.ca\/en\/#website\"},\"primaryImageOfPage\":{\"@id\":\"https:\/\/www.drlanglois.ca\/en\/faq\/#primaryimage\"},\"image\":{\"@id\":\"https:\/\/www.drlanglois.ca\/en\/faq\/#primaryimage\"},\"thumbnailUrl\":\"https:\/\/www.drlanglois.ca\/wp-content\/uploads\/2024\/06\/FAQ.jpg\",\"datePublished\":\"2024-06-03T17:09:45+00:00\",\"dateModified\":\"2024-07-11T14:03:27+00:00\",\"description\":\"Frequently asked questions about chronic pain and pain management.\",\"breadcrumb\":{\"@id\":\"https:\/\/www.drlanglois.ca\/en\/faq\/#breadcrumb\"},\"inLanguage\":\"en-US\",\"potentialAction\":[{\"@type\":\"ReadAction\",\"target\":[\"https:\/\/www.drlanglois.ca\/en\/faq\/\"]}]},{\"@type\":\"ImageObject\",\"inLanguage\":\"en-US\",\"@id\":\"https:\/\/www.drlanglois.ca\/en\/faq\/#primaryimage\",\"url\":\"https:\/\/www.drlanglois.ca\/wp-content\/uploads\/2024\/06\/FAQ.jpg\",\"contentUrl\":\"https:\/\/www.drlanglois.ca\/wp-content\/uploads\/2024\/06\/FAQ.jpg\",\"width\":2000,\"height\":2000},{\"@type\":\"BreadcrumbList\",\"@id\":\"https:\/\/www.drlanglois.ca\/en\/faq\/#breadcrumb\",\"itemListElement\":[{\"@type\":\"ListItem\",\"position\":1,\"name\":\"Home\",\"item\":\"https:\/\/www.drlanglois.ca\/en\/\"},{\"@type\":\"ListItem\",\"position\":2,\"name\":\"FAQ\"}]},{\"@type\":\"WebSite\",\"@id\":\"https:\/\/www.drlanglois.ca\/en\/#website\",\"url\":\"https:\/\/www.drlanglois.ca\/en\/\",\"name\":\"Clinique de gestion de la douleur chronique \u00e0 Montr\u00e9al et \u00e0 Gatineau\",\"description\":\"Dr Patrice Langlois\",\"publisher\":{\"@id\":\"https:\/\/www.drlanglois.ca\/en\/#organization\"},\"potentialAction\":[{\"@type\":\"SearchAction\",\"target\":{\"@type\":\"EntryPoint\",\"urlTemplate\":\"https:\/\/www.drlanglois.ca\/en\/?s={search_term_string}\"},\"query-input\":\"required name=search_term_string\"}],\"inLanguage\":\"en-US\"},{\"@type\":\"Organization\",\"@id\":\"https:\/\/www.drlanglois.ca\/en\/#organization\",\"name\":\"Dr Patrice Langlois\",\"alternateName\":\"La clinique de gestion de la douleur du Dr Patrice Langlois\",\"url\":\"https:\/\/www.drlanglois.ca\/en\/\",\"logo\":{\"@type\":\"ImageObject\",\"inLanguage\":\"en-US\",\"@id\":\"https:\/\/www.drlanglois.ca\/en\/#\/schema\/logo\/image\/\",\"url\":\"https:\/\/www.drlanglois.ca\/wp-content\/uploads\/2024\/06\/lang3.png\",\"contentUrl\":\"https:\/\/www.drlanglois.ca\/wp-content\/uploads\/2024\/06\/lang3.png\",\"width\":696,\"height\":693,\"caption\":\"Dr Patrice Langlois\"},\"image\":{\"@id\":\"https:\/\/www.drlanglois.ca\/en\/#\/schema\/logo\/image\/\"},\"sameAs\":[\"https:\/\/www.facebook.com\/drpatricelanglois\/\",\"https:\/\/www.instagram.com\/drpatricelanglois\/\"]}]}<\/script>\n<!-- \/ Yoast SEO plugin. -->","yoast_head_json":{"title":"FAQ in Montreal, Ottawa, Gatineau","description":"Frequently asked questions about chronic pain and pain management.","robots":{"index":"index","follow":"follow","max-snippet":"max-snippet:-1","max-image-preview":"max-image-preview:large","max-video-preview":"max-video-preview:-1"},"canonical":"https:\/\/www.drlanglois.ca\/en\/faq\/","og_locale":"en_US","og_type":"article","og_title":"FAQ in Montreal, Ottawa, Gatineau","og_description":"Frequently asked questions about chronic pain and pain management.","og_url":"https:\/\/www.drlanglois.ca\/en\/faq\/","og_site_name":"Clinique de gestion de la douleur chronique \u00e0 Montr\u00e9al et \u00e0 Gatineau","article_publisher":"https:\/\/www.facebook.com\/drpatricelanglois\/","article_modified_time":"2024-07-11T14:03:27+00:00","og_image":[{"width":2000,"height":2000,"url":"https:\/\/www.drlanglois.ca\/wp-content\/uploads\/2024\/06\/FAQ.jpg","type":"image\/jpeg"}],"twitter_card":"summary_large_image","twitter_misc":{"Est. reading time":"5 minutes"},"schema":{"@context":"https:\/\/schema.org","@graph":[{"@type":"WebPage","@id":"https:\/\/www.drlanglois.ca\/en\/faq\/","url":"https:\/\/www.drlanglois.ca\/en\/faq\/","name":"FAQ in Montreal, Ottawa, Gatineau","isPartOf":{"@id":"https:\/\/www.drlanglois.ca\/en\/#website"},"primaryImageOfPage":{"@id":"https:\/\/www.drlanglois.ca\/en\/faq\/#primaryimage"},"image":{"@id":"https:\/\/www.drlanglois.ca\/en\/faq\/#primaryimage"},"thumbnailUrl":"https:\/\/www.drlanglois.ca\/wp-content\/uploads\/2024\/06\/FAQ.jpg","datePublished":"2024-06-03T17:09:45+00:00","dateModified":"2024-07-11T14:03:27+00:00","description":"Frequently asked questions about chronic pain and pain management.","breadcrumb":{"@id":"https:\/\/www.drlanglois.ca\/en\/faq\/#breadcrumb"},"inLanguage":"en-US","potentialAction":[{"@type":"ReadAction","target":["https:\/\/www.drlanglois.ca\/en\/faq\/"]}]},{"@type":"ImageObject","inLanguage":"en-US","@id":"https:\/\/www.drlanglois.ca\/en\/faq\/#primaryimage","url":"https:\/\/www.drlanglois.ca\/wp-content\/uploads\/2024\/06\/FAQ.jpg","contentUrl":"https:\/\/www.drlanglois.ca\/wp-content\/uploads\/2024\/06\/FAQ.jpg","width":2000,"height":2000},{"@type":"BreadcrumbList","@id":"https:\/\/www.drlanglois.ca\/en\/faq\/#breadcrumb","itemListElement":[{"@type":"ListItem","position":1,"name":"Home","item":"https:\/\/www.drlanglois.ca\/en\/"},{"@type":"ListItem","position":2,"name":"FAQ"}]},{"@type":"WebSite","@id":"https:\/\/www.drlanglois.ca\/en\/#website","url":"https:\/\/www.drlanglois.ca\/en\/","name":"Clinique de gestion de la douleur chronique \u00e0 Montr\u00e9al et \u00e0 Gatineau","description":"Dr Patrice Langlois","publisher":{"@id":"https:\/\/www.drlanglois.ca\/en\/#organization"},"potentialAction":[{"@type":"SearchAction","target":{"@type":"EntryPoint","urlTemplate":"https:\/\/www.drlanglois.ca\/en\/?s={search_term_string}"},"query-input":"required name=search_term_string"}],"inLanguage":"en-US"},{"@type":"Organization","@id":"https:\/\/www.drlanglois.ca\/en\/#organization","name":"Dr Patrice Langlois","alternateName":"La clinique de gestion de la douleur du Dr Patrice Langlois","url":"https:\/\/www.drlanglois.ca\/en\/","logo":{"@type":"ImageObject","inLanguage":"en-US","@id":"https:\/\/www.drlanglois.ca\/en\/#\/schema\/logo\/image\/","url":"https:\/\/www.drlanglois.ca\/wp-content\/uploads\/2024\/06\/lang3.png","contentUrl":"https:\/\/www.drlanglois.ca\/wp-content\/uploads\/2024\/06\/lang3.png","width":696,"height":693,"caption":"Dr Patrice Langlois"},"image":{"@id":"https:\/\/www.drlanglois.ca\/en\/#\/schema\/logo\/image\/"},"sameAs":["https:\/\/www.facebook.com\/drpatricelanglois\/","https:\/\/www.instagram.com\/drpatricelanglois\/"]}]}},"_links":{"self":[{"href":"https:\/\/www.drlanglois.ca\/en\/wp-json\/wp\/v2\/pages\/933","targetHints":{"allow":["GET"]}}],"collection":[{"href":"https:\/\/www.drlanglois.ca\/en\/wp-json\/wp\/v2\/pages"}],"about":[{"href":"https:\/\/www.drlanglois.ca\/en\/wp-json\/wp\/v2\/types\/page"}],"author":[{"embeddable":true,"href":"https:\/\/www.drlanglois.ca\/en\/wp-json\/wp\/v2\/users\/1"}],"replies":[{"embeddable":true,"href":"https:\/\/www.drlanglois.ca\/en\/wp-json\/wp\/v2\/comments?post=933"}],"version-history":[{"count":2,"href":"https:\/\/www.drlanglois.ca\/en\/wp-json\/wp\/v2\/pages\/933\/revisions"}],"predecessor-version":[{"id":935,"href":"https:\/\/www.drlanglois.ca\/en\/wp-json\/wp\/v2\/pages\/933\/revisions\/935"}],"wp:featuredmedia":[{"embeddable":true,"href":"https:\/\/www.drlanglois.ca\/en\/wp-json\/wp\/v2\/media\/729"}],"wp:attachment":[{"href":"https:\/\/www.drlanglois.ca\/en\/wp-json\/wp\/v2\/media?parent=933"}],"curies":[{"name":"wp","href":"https:\/\/api.w.org\/{rel}","templated":true}]}}