{"id":928,"date":"2024-06-03T17:27:29","date_gmt":"2024-06-03T17:27:29","guid":{"rendered":"https:\/\/www.drlanglois.ca\/contact\/"},"modified":"2025-09-17T16:06:00","modified_gmt":"2025-09-17T16:06:00","slug":"contact","status":"publish","type":"page","link":"https:\/\/www.drlanglois.ca\/en\/contact\/","title":{"rendered":"Contact"},"content":{"rendered":"<section class=\"wpb-content-wrapper\"><p>[vc_row css_animation=&#8221;&#8221; row_type=&#8221;row&#8221; use_row_as_full_screen_section=&#8221;no&#8221; type=&#8221;grid&#8221; angled_section=&#8221;no&#8221; text_align=&#8221;left&#8221; background_image_as_pattern=&#8221;without_pattern&#8221; el_id=&#8221;locations&#8221; z_index=&#8221;&#8221;][vc_column][vc_column_text]<\/p>\n<h2 style=\"text-align: center;\">Pain Management Clinic of Dr. Patrice Langlois<\/h2>\n<p style=\"text-align: center;\">Medical treatment of chronic pain, joint injections, epidurals and nerve blocks.<\/p>\n<p>[\/vc_column_text][vc_row_inner row_type=&#8221;row&#8221; type=&#8221;full_width&#8221; text_align=&#8221;left&#8221; css_animation=&#8221;&#8221;][vc_column_inner width=&#8221;1\/4&#8243;][vc_column_text]<\/p>\n<h3>GATINEAU<\/h3>\n<p>[\/vc_column_text]<div class='q_icon_with_title tiny normal_icon '><div class=\"icon_holder \" style=\" \"><span data-icon-type=\"normal\"   style=\"\" class=\"qode_iwt_icon_holder q_font_awsome_icon fa-lg  \"><i class=\"qode_icon_font_awesome fa fa-map-marker qode_iwt_icon_element\" style=\"\" ><\/i><\/span><\/div><div class=\"icon_text_holder\" style=\"\"><div class=\"icon_text_inner\" style=\"\"><h5 class=\"icon_title\" style=\"\"><\/h5><p style=''>104-430, Boul De l\u2019H\u00f4pitalGatineau, QC, J8V 1T7<\/p><\/div><\/div><\/div><div class='q_icon_with_title tiny normal_icon '><div class=\"icon_holder \" style=\" \"><span data-icon-type=\"normal\"   style=\"\" class=\"qode_iwt_icon_holder q_font_awsome_icon fa-lg  \"><i class=\"qode_icon_font_awesome fa fa-phone qode_iwt_icon_element\" style=\"\" ><\/i><\/span><\/div><div class=\"icon_text_holder\" style=\"\"><div class=\"icon_text_inner\" style=\"\"><h5 class=\"icon_title\" style=\"\">Office:<\/h5><p style=''><\/p><a itemprop='url' class='icon_with_title_link' href='tel:8192432221' target='_self' style=''>(819) 243-2221<\/a><\/div><\/div><\/div><div class='q_icon_with_title tiny normal_icon '><div class=\"icon_holder \" style=\" \"><span data-icon-type=\"normal\"   style=\"\" class=\"qode_iwt_icon_holder q_font_awsome_icon fa-lg  \"><i class=\"qode_icon_font_awesome fa fa-phone qode_iwt_icon_element\" style=\"\" ><\/i><\/span><\/div><div class=\"icon_text_holder\" style=\"\"><div class=\"icon_text_inner\" style=\"\"><h5 class=\"icon_title\" style=\"\">Cell:<\/h5><p style=''><\/p><a itemprop='url' class='icon_with_title_link' href='tel:8197433668' target='_self' style=''>(819) 743-3668<\/a><\/div><\/div><\/div><div class='q_icon_with_title tiny normal_icon '><div class=\"icon_holder \" style=\" \"><span data-icon-type=\"normal\"   style=\"\" class=\"qode_iwt_icon_holder q_font_awsome_icon fa-lg  \"><i class=\"qode_icon_font_awesome fa fa-phone qode_iwt_icon_element\" style=\"\" ><\/i><\/span><\/div><div class=\"icon_text_holder\" style=\"\"><div class=\"icon_text_inner\" style=\"\"><h5 class=\"icon_title\" style=\"\">In case of no answer:<\/h5><p style=''><\/p><a itemprop='url' class='icon_with_title_link' href='tel:8197431185' target='_self' style=''>(819) 743-1185<\/a><\/div><\/div><\/div><div class='q_icon_with_title tiny normal_icon '><div class=\"icon_holder \" style=\" \"><span data-icon-type=\"normal\"   style=\"\" class=\"qode_iwt_icon_holder q_font_awsome_icon fa-lg  \"><i class=\"qode_icon_font_awesome fa fa-print qode_iwt_icon_element\" style=\"\" ><\/i><\/span><\/div><div class=\"icon_text_holder\" style=\"\"><div class=\"icon_text_inner\" style=\"\"><h5 class=\"icon_title\" style=\"\">Fax:<\/h5><p style=''><\/p><a itemprop='url' class='icon_with_title_link' href='fax:8192432227' target='_self' style=''>(819) 243-2227<\/a><\/div><\/div><\/div><div class='q_icon_with_title tiny normal_icon '><div class=\"icon_holder \" style=\" \"><span data-icon-type=\"normal\"   style=\"\" class=\"qode_iwt_icon_holder q_font_awsome_icon fa-lg  \"><i class=\"qode_icon_font_awesome fa fa-clock-o qode_iwt_icon_element\" style=\"\" ><\/i><\/span><\/div><div class=\"icon_text_holder\" style=\"\"><div class=\"icon_text_inner\" style=\"\"><h5 class=\"icon_title\" style=\"\">Opening hours:<\/h5><p style=''>Friday: 8:30 to 17:00<\/p><\/div><\/div><\/div><div class='q_icon_with_title tiny normal_icon '><div class=\"icon_holder \" style=\" \"><span data-icon-type=\"normal\"   style=\"\" class=\"qode_iwt_icon_holder q_font_awsome_icon fa-lg  \"><i class=\"qode_icon_font_awesome fa fa-coffee qode_iwt_icon_element\" style=\"\" ><\/i><\/span><\/div><div class=\"icon_text_holder\" style=\"\"><div class=\"icon_text_inner\" style=\"\"><h5 class=\"icon_title\" style=\"\">Telephone reception:<\/h5><p style=''>Monday - Friday<\/p><\/div><\/div><\/div>[\/vc_column_inner][vc_column_inner width=&#8221;1\/4&#8243;][vc_raw_html]PGlmcmFtZSBzcmM9Imh0dHBzOi8vd3d3Lmdvb2dsZS5jb20vbWFwcy9lbWJlZD9wYj0hMW0xNCExbTghMW0zITFkMjc5Ni45Nzg0MzU0NTY1OTc3ITJkLTc1LjY4ODM2MiEzZDQ1LjQ5MDM3OSEzbTIhMWkxMDI0ITJpNzY4ITRmMTMuMSEzbTMhMW0yITFzMHg0Y2NlMWI3MmMzMjc0ZGU3JTNBMHhjNWU2MDFiNzIzYmQwMTY4ITJzQ2xpbmlxdWUlMjBNJUMzJUE5ZGljYWxlJTIwRHUlMjBDb250ciVDMyVCNGxlJTIwRGUlMjBMYSUyMERvdWxldXIhNWUwITNtMiExc2VuITJzbmwhNHYxNzIwNzA2MjU0NzI1ITVtMiExc2VuITJzbmwiIHdpZHRoPSI2MDAiIGhlaWdodD0iNDUwIiBzdHlsZT0iYm9yZGVyOjA7IiBhbGxvd2Z1bGxzY3JlZW49IiIgbG9hZGluZz0ibGF6eSIgcmVmZXJyZXJwb2xpY3k9Im5vLXJlZmVycmVyLXdoZW4tZG93bmdyYWRlIj48L2lmcmFtZT4=[\/vc_raw_html][\/vc_column_inner][vc_column_inner width=&#8221;1\/4&#8243;][vc_column_text]<\/p>\n<h3>MONTREAL<\/h3>\n<p>[\/vc_column_text]<div class='q_icon_with_title tiny normal_icon '><div class=\"icon_holder \" style=\" \"><span data-icon-type=\"normal\"   style=\"\" class=\"qode_iwt_icon_holder q_font_awsome_icon fa-lg  \"><i class=\"qode_icon_font_awesome fa fa-map-marker qode_iwt_icon_element\" style=\"\" ><\/i><\/span><\/div><div class=\"icon_text_holder\" style=\"\"><div class=\"icon_text_inner\" style=\"\"><h5 class=\"icon_title\" style=\"\"><\/h5><p style=''>1140 Beaumont, Mont-Royal, QC, H3P 3E5<\/p><\/div><\/div><\/div><div class='q_icon_with_title tiny normal_icon '><div class=\"icon_holder \" style=\" \"><span data-icon-type=\"normal\"   style=\"\" class=\"qode_iwt_icon_holder q_font_awsome_icon fa-lg  \"><i class=\"qode_icon_font_awesome fa fa-phone qode_iwt_icon_element\" style=\"\" ><\/i><\/span><\/div><div class=\"icon_text_holder\" style=\"\"><div class=\"icon_text_inner\" style=\"\"><h5 class=\"icon_title\" style=\"\">Phone:<\/h5><p style=''><\/p><a itemprop='url' class='icon_with_title_link' href='tel:8197431185' target='_self' style=''>819-743-1185<\/a><\/div><\/div><\/div><div class='q_icon_with_title tiny normal_icon '><div class=\"icon_holder \" style=\" \"><span data-icon-type=\"normal\"   style=\"\" class=\"qode_iwt_icon_holder q_font_awsome_icon fa-lg  \"><i class=\"qode_icon_font_awesome fa fa-print qode_iwt_icon_element\" style=\"\" ><\/i><\/span><\/div><div class=\"icon_text_holder\" style=\"\"><div class=\"icon_text_inner\" style=\"\"><h5 class=\"icon_title\" style=\"\">Fax:<\/h5><p style=''><\/p><a itemprop='url' class='icon_with_title_link' href='fax:5149336318' target='_self' style=''>(514) 933-6318<\/a><\/div><\/div><\/div><div class='q_icon_with_title tiny normal_icon '><div class=\"icon_holder \" style=\" \"><span data-icon-type=\"normal\"   style=\"\" class=\"qode_iwt_icon_holder q_font_awsome_icon fa-lg  \"><i class=\"qode_icon_font_awesome fa fa-clock-o qode_iwt_icon_element\" style=\"\" ><\/i><\/span><\/div><div class=\"icon_text_holder\" style=\"\"><div class=\"icon_text_inner\" style=\"\"><h5 class=\"icon_title\" style=\"\">Opening hours:<\/h5><p style=''>Mon & Wed 8:30 to 17:00<\/p><\/div><\/div><\/div>[\/vc_column_inner][vc_column_inner width=&#8221;1\/4&#8243;][vc_raw_html]PGlmcmFtZSBzcmM9Imh0dHBzOi8vd3d3Lmdvb2dsZS5jb20vbWFwcy9lbWJlZD9wYj0hMW0xNCExbTghMW0zITFkNTU5MC44MTc0NTExOTI1MyEyZC03My42MjI4MiEzZDQ1LjUyMTk4ITNtMiExaTEwMjQhMmk3NjghNGYxMy4xITNtMyExbTIhMXMweDRjYzkxOWEwMzgwZWJhMzclM0EweGZjNWU0OTE0MDEwZWY2ZTkhMnMxMTQwJTIwQmVhdW1vbnQlMjBBdmUlMkMlMjBNb3VudCUyMFJveWFsJTJDJTIwUUMlMjBIM1AlMjAzRTUlMkMlMjBDYW5hZGEhNWUwITNtMiExc2VuITJzbmwhNHYxNzIwNzA2MzAwMzAyITVtMiExc2VuITJzbmwiIHdpZHRoPSI2MDAiIGhlaWdodD0iNDUwIiBzdHlsZT0iYm9yZGVyOjA7IiBhbGxvd2Z1bGxzY3JlZW49IiIgbG9hZGluZz0ibGF6eSIgcmVmZXJyZXJwb2xpY3k9Im5vLXJlZmVycmVyLXdoZW4tZG93bmdyYWRlIj48L2lmcmFtZT4=[\/vc_raw_html][\/vc_column_inner][\/vc_row_inner][\/vc_column][\/vc_row][vc_row css_animation=&#8221;&#8221; row_type=&#8221;row&#8221; use_row_as_full_screen_section=&#8221;no&#8221; type=&#8221;grid&#8221; angled_section=&#8221;no&#8221; text_align=&#8221;left&#8221; background_image_as_pattern=&#8221;without_pattern&#8221; z_index=&#8221;&#8221; el_id=&#8221;contact&#8221;][vc_column][vc_column_text]<\/p>\n<h3>Contact us<\/h3>\n<p>To contact us with your questions, please fill out the following form. We will be pleased to answer as soon as possible.<\/p>\n<p><em>**Please note that in order to book an appointment with Dr. Langlois, please visit our <a href=\"https:\/\/www.drlanglois.ca\/en\/book-a-consultation\/\" rel=\"noopener\" target=\"_blank\">consultation scheduling page<\/a>.<\/em>[\/vc_column_text]\n<div class=\"wpcf7 no-js\" id=\"wpcf7-f961-o1\" lang=\"en-US\" dir=\"ltr\">\n<div class=\"screen-reader-response\"><p role=\"status\" aria-live=\"polite\" aria-atomic=\"true\"><\/p> <ul><\/ul><\/div>\n<form action=\"\/en\/wp-json\/wp\/v2\/pages\/928#wpcf7-f961-o1\" method=\"post\" class=\"wpcf7-form init default\" aria-label=\"Contact form\" novalidate=\"novalidate\" data-status=\"init\">\n<div style=\"display: none;\">\n<input type=\"hidden\" name=\"_wpcf7\" value=\"961\" \/>\n<input type=\"hidden\" name=\"_wpcf7_version\" value=\"5.9.3\" \/>\n<input type=\"hidden\" name=\"_wpcf7_locale\" value=\"en_US\" \/>\n<input type=\"hidden\" name=\"_wpcf7_unit_tag\" value=\"wpcf7-f961-o1\" \/>\n<input type=\"hidden\" name=\"_wpcf7_container_post\" value=\"0\" \/>\n<input type=\"hidden\" name=\"_wpcf7_posted_data_hash\" value=\"\" \/>\n<input type=\"hidden\" name=\"_wpcf7cf_hidden_group_fields\" value=\"[]\" \/>\n<input type=\"hidden\" name=\"_wpcf7cf_hidden_groups\" value=\"[]\" \/>\n<input type=\"hidden\" name=\"_wpcf7cf_visible_groups\" value=\"[]\" \/>\n<input type=\"hidden\" name=\"_wpcf7cf_repeaters\" value=\"[]\" \/>\n<input type=\"hidden\" name=\"_wpcf7cf_steps\" value=\"{}\" \/>\n<input type=\"hidden\" name=\"_wpcf7cf_options\" value=\"{&quot;form_id&quot;:961,&quot;conditions&quot;:[],&quot;settings&quot;:{&quot;animation&quot;:&quot;yes&quot;,&quot;animation_intime&quot;:200,&quot;animation_outtime&quot;:200,&quot;conditions_ui&quot;:&quot;normal&quot;,&quot;notice_dismissed&quot;:false}}\" \/>\n<input type=\"hidden\" name=\"_wpcf7_recaptcha_response\" value=\"\" \/>\n<\/div>\n<div class=\"form-grid\">\n    <div class=\"form-row col-2\">\n            <span class=\"wpcf7-form-control-wrap\" data-name=\"text-prenom\"><input size=\"40\" class=\"wpcf7-form-control wpcf7-text wpcf7-validates-as-required\" aria-required=\"true\" aria-invalid=\"false\" placeholder=\"First name\" value=\"\" type=\"text\" name=\"text-prenom\" \/><\/span>\n            <span class=\"wpcf7-form-control-wrap\" data-name=\"text-nom\"><input size=\"40\" class=\"wpcf7-form-control wpcf7-text wpcf7-validates-as-required\" aria-required=\"true\" aria-invalid=\"false\" placeholder=\"Last name\" value=\"\" type=\"text\" name=\"text-nom\" \/><\/span>\n    <\/div>\n    <div class=\"form-row col-2\">\n            <span class=\"wpcf7-form-control-wrap\" data-name=\"tel-30\"><input size=\"40\" class=\"wpcf7-form-control wpcf7-tel wpcf7-validates-as-required wpcf7-text wpcf7-validates-as-tel\" aria-required=\"true\" aria-invalid=\"false\" placeholder=\"Phone\" value=\"\" type=\"tel\" name=\"tel-30\" \/><\/span>\n            <span class=\"wpcf7-form-control-wrap\" data-name=\"email-228\"><input size=\"40\" class=\"wpcf7-form-control wpcf7-email wpcf7-validates-as-required wpcf7-text wpcf7-validates-as-email\" aria-required=\"true\" aria-invalid=\"false\" placeholder=\"Email\" value=\"\" type=\"email\" name=\"email-228\" \/><\/span>\n    <\/div>\n    <div class=\"form-row\">\n       <span class=\"wpcf7-form-control-wrap\" data-name=\"textarea-389\"><textarea cols=\"40\" rows=\"10\" class=\"wpcf7-form-control wpcf7-textarea wpcf7-validates-as-required\" aria-required=\"true\" aria-invalid=\"false\" placeholder=\"Your question\" name=\"textarea-389\"><\/textarea><\/span>\n    <\/div>\n<\/div>\n<input class=\"wpcf7-form-control wpcf7-submit has-spinner\" type=\"submit\" value=\"SUBMIT\" \/><div class=\"wpcf7-response-output\" aria-hidden=\"true\"><\/div>\n<\/form>\n<\/div>\n[\/vc_column][\/vc_row]<\/p>\n<\/section>","protected":false},"excerpt":{"rendered":"<p>[vc_row css_animation=&#8221;&#8221; row_type=&#8221;row&#8221; use_row_as_full_screen_section=&#8221;no&#8221; type=&#8221;grid&#8221; angled_section=&#8221;no&#8221; text_align=&#8221;left&#8221; background_image_as_pattern=&#8221;without_pattern&#8221; el_id=&#8221;locations&#8221; z_index=&#8221;&#8221;][vc_column][vc_column_text] Pain Management Clinic of Dr. Patrice Langlois Medical treatment of chronic pain, joint injections, epidurals and nerve blocks. [\/vc_column_text][vc_row_inner row_type=&#8221;row&#8221; type=&#8221;full_width&#8221; text_align=&#8221;left&#8221; css_animation=&#8221;&#8221;][vc_column_inner width=&#8221;1\/4&#8243;][vc_column_text] GATINEAU [\/vc_column_text][\/vc_column_inner][vc_column_inner width=&#8221;1\/4&#8243;][vc_raw_html]PGlmcmFtZSBzcmM9Imh0dHBzOi8vd3d3Lmdvb2dsZS5jb20vbWFwcy9lbWJlZD9wYj0hMW0xNCExbTghMW0zITFkMjc5Ni45Nzg0MzU0NTY1OTc3ITJkLTc1LjY4ODM2MiEzZDQ1LjQ5MDM3OSEzbTIhMWkxMDI0ITJpNzY4ITRmMTMuMSEzbTMhMW0yITFzMHg0Y2NlMWI3MmMzMjc0ZGU3JTNBMHhjNWU2MDFiNzIzYmQwMTY4ITJzQ2xpbmlxdWUlMjBNJUMzJUE5ZGljYWxlJTIwRHUlMjBDb250ciVDMyVCNGxlJTIwRGUlMjBMYSUyMERvdWxldXIhNWUwITNtMiExc2VuITJzbmwhNHYxNzIwNzA2MjU0NzI1ITVtMiExc2VuITJzbmwiIHdpZHRoPSI2MDAiIGhlaWdodD0iNDUwIiBzdHlsZT0iYm9yZGVyOjA7IiBhbGxvd2Z1bGxzY3JlZW49IiIgbG9hZGluZz0ibGF6eSIgcmVmZXJyZXJwb2xpY3k9Im5vLXJlZmVycmVyLXdoZW4tZG93bmdyYWRlIj48L2lmcmFtZT4=[\/vc_raw_html][\/vc_column_inner][vc_column_inner width=&#8221;1\/4&#8243;][vc_column_text] MONTREAL [\/vc_column_text][\/vc_column_inner][vc_column_inner width=&#8221;1\/4&#8243;][vc_raw_html]PGlmcmFtZSBzcmM9Imh0dHBzOi8vd3d3Lmdvb2dsZS5jb20vbWFwcy9lbWJlZD9wYj0hMW0xNCExbTghMW0zITFkNTU5MC44MTc0NTExOTI1MyEyZC03My42MjI4MiEzZDQ1LjUyMTk4ITNtMiExaTEwMjQhMmk3NjghNGYxMy4xITNtMyExbTIhMXMweDRjYzkxOWEwMzgwZWJhMzclM0EweGZjNWU0OTE0MDEwZWY2ZTkhMnMxMTQwJTIwQmVhdW1vbnQlMjBBdmUlMkMlMjBNb3VudCUyMFJveWFsJTJDJTIwUUMlMjBIM1AlMjAzRTUlMkMlMjBDYW5hZGEhNWUwITNtMiExc2VuITJzbmwhNHYxNzIwNzA2MzAwMzAyITVtMiExc2VuITJzbmwiIHdpZHRoPSI2MDAiIGhlaWdodD0iNDUwIiBzdHlsZT0iYm9yZGVyOjA7IiBhbGxvd2Z1bGxzY3JlZW49IiIgbG9hZGluZz0ibGF6eSIgcmVmZXJyZXJwb2xpY3k9Im5vLXJlZmVycmVyLXdoZW4tZG93bmdyYWRlIj48L2lmcmFtZT4=[\/vc_raw_html][\/vc_column_inner][\/vc_row_inner][\/vc_column][\/vc_row][vc_row css_animation=&#8221;&#8221; row_type=&#8221;row&#8221; use_row_as_full_screen_section=&#8221;no&#8221; type=&#8221;grid&#8221;&#8230;<\/p>\n","protected":false},"author":1,"featured_media":0,"parent":0,"menu_order":0,"comment_status":"closed","ping_status":"closed","template":"full_width.php","meta":{"inline_featured_image":false,"footnotes":""},"class_list":["post-928","page","type-page","status-publish","hentry"],"acf":[],"yoast_head":"<!-- This site is optimized with the Yoast SEO plugin v22.9 - https:\/\/yoast.com\/wordpress\/plugins\/seo\/ -->\n<title>Contact us! Book your pain treatment in Montreal, Ottawa, Gatineau<\/title>\n<meta name=\"description\" content=\"Dr. Langlois - Anesthesiologist. Pain management specialist in Montreal, Gatineau, Ottawa\" \/>\n<meta name=\"robots\" content=\"index, follow, max-snippet:-1, max-image-preview:large, max-video-preview:-1\" \/>\n<link rel=\"canonical\" href=\"https:\/\/www.drlanglois.ca\/en\/contact\/\" \/>\n<meta property=\"og:locale\" content=\"en_US\" \/>\n<meta property=\"og:type\" content=\"article\" \/>\n<meta property=\"og:title\" content=\"Contact us! Book your pain treatment in Montreal, Ottawa, Gatineau\" \/>\n<meta property=\"og:description\" content=\"Dr. Langlois - Anesthesiologist. Pain management specialist in Montreal, Gatineau, Ottawa\" \/>\n<meta property=\"og:url\" content=\"https:\/\/www.drlanglois.ca\/en\/contact\/\" \/>\n<meta property=\"og:site_name\" content=\"Clinique de gestion de la douleur chronique \u00e0 Montr\u00e9al et \u00e0 Gatineau\" \/>\n<meta property=\"article:publisher\" content=\"https:\/\/www.facebook.com\/drpatricelanglois\/\" \/>\n<meta property=\"article:modified_time\" content=\"2025-09-17T16:06:00+00:00\" \/>\n<meta property=\"og:image\" content=\"https:\/\/www.drlanglois.ca\/wp-content\/uploads\/2024\/06\/lang1.jpg\" \/>\n\t<meta property=\"og:image:width\" content=\"1200\" \/>\n\t<meta property=\"og:image:height\" content=\"675\" \/>\n\t<meta property=\"og:image:type\" content=\"image\/jpeg\" \/>\n<meta name=\"twitter:card\" content=\"summary_large_image\" \/>\n<meta name=\"twitter:label1\" content=\"Est. reading time\" \/>\n\t<meta name=\"twitter:data1\" content=\"1 minute\" \/>\n<script type=\"application\/ld+json\" class=\"yoast-schema-graph\">{\"@context\":\"https:\/\/schema.org\",\"@graph\":[{\"@type\":\"WebPage\",\"@id\":\"https:\/\/www.drlanglois.ca\/en\/contact\/\",\"url\":\"https:\/\/www.drlanglois.ca\/en\/contact\/\",\"name\":\"Contact us! Book your pain treatment in Montreal, Ottawa, Gatineau\",\"isPartOf\":{\"@id\":\"https:\/\/www.drlanglois.ca\/en\/#website\"},\"datePublished\":\"2024-06-03T17:27:29+00:00\",\"dateModified\":\"2025-09-17T16:06:00+00:00\",\"description\":\"Dr. Langlois - Anesthesiologist. Pain management specialist in Montreal, Gatineau, Ottawa\",\"breadcrumb\":{\"@id\":\"https:\/\/www.drlanglois.ca\/en\/contact\/#breadcrumb\"},\"inLanguage\":\"en-US\",\"potentialAction\":[{\"@type\":\"ReadAction\",\"target\":[\"https:\/\/www.drlanglois.ca\/en\/contact\/\"]}]},{\"@type\":\"BreadcrumbList\",\"@id\":\"https:\/\/www.drlanglois.ca\/en\/contact\/#breadcrumb\",\"itemListElement\":[{\"@type\":\"ListItem\",\"position\":1,\"name\":\"Home\",\"item\":\"https:\/\/www.drlanglois.ca\/en\/\"},{\"@type\":\"ListItem\",\"position\":2,\"name\":\"Contact\"}]},{\"@type\":\"WebSite\",\"@id\":\"https:\/\/www.drlanglois.ca\/en\/#website\",\"url\":\"https:\/\/www.drlanglois.ca\/en\/\",\"name\":\"Clinique de gestion de la douleur chronique \u00e0 Montr\u00e9al et \u00e0 Gatineau\",\"description\":\"Dr Patrice Langlois\",\"publisher\":{\"@id\":\"https:\/\/www.drlanglois.ca\/en\/#organization\"},\"potentialAction\":[{\"@type\":\"SearchAction\",\"target\":{\"@type\":\"EntryPoint\",\"urlTemplate\":\"https:\/\/www.drlanglois.ca\/en\/?s={search_term_string}\"},\"query-input\":\"required name=search_term_string\"}],\"inLanguage\":\"en-US\"},{\"@type\":\"Organization\",\"@id\":\"https:\/\/www.drlanglois.ca\/en\/#organization\",\"name\":\"Dr Patrice Langlois\",\"alternateName\":\"La clinique de gestion de la douleur du Dr Patrice Langlois\",\"url\":\"https:\/\/www.drlanglois.ca\/en\/\",\"logo\":{\"@type\":\"ImageObject\",\"inLanguage\":\"en-US\",\"@id\":\"https:\/\/www.drlanglois.ca\/en\/#\/schema\/logo\/image\/\",\"url\":\"https:\/\/www.drlanglois.ca\/wp-content\/uploads\/2024\/06\/lang3.png\",\"contentUrl\":\"https:\/\/www.drlanglois.ca\/wp-content\/uploads\/2024\/06\/lang3.png\",\"width\":696,\"height\":693,\"caption\":\"Dr Patrice Langlois\"},\"image\":{\"@id\":\"https:\/\/www.drlanglois.ca\/en\/#\/schema\/logo\/image\/\"},\"sameAs\":[\"https:\/\/www.facebook.com\/drpatricelanglois\/\",\"https:\/\/www.instagram.com\/drpatricelanglois\/\"]}]}<\/script>\n<!-- \/ Yoast SEO plugin. -->","yoast_head_json":{"title":"Contact us! Book your pain treatment in Montreal, Ottawa, Gatineau","description":"Dr. Langlois - Anesthesiologist. Pain management specialist in Montreal, Gatineau, Ottawa","robots":{"index":"index","follow":"follow","max-snippet":"max-snippet:-1","max-image-preview":"max-image-preview:large","max-video-preview":"max-video-preview:-1"},"canonical":"https:\/\/www.drlanglois.ca\/en\/contact\/","og_locale":"en_US","og_type":"article","og_title":"Contact us! Book your pain treatment in Montreal, Ottawa, Gatineau","og_description":"Dr. Langlois - Anesthesiologist. Pain management specialist in Montreal, Gatineau, Ottawa","og_url":"https:\/\/www.drlanglois.ca\/en\/contact\/","og_site_name":"Clinique de gestion de la douleur chronique \u00e0 Montr\u00e9al et \u00e0 Gatineau","article_publisher":"https:\/\/www.facebook.com\/drpatricelanglois\/","article_modified_time":"2025-09-17T16:06:00+00:00","og_image":[{"width":1200,"height":675,"url":"https:\/\/www.drlanglois.ca\/wp-content\/uploads\/2024\/06\/lang1.jpg","type":"image\/jpeg"}],"twitter_card":"summary_large_image","twitter_misc":{"Est. reading time":"1 minute"},"schema":{"@context":"https:\/\/schema.org","@graph":[{"@type":"WebPage","@id":"https:\/\/www.drlanglois.ca\/en\/contact\/","url":"https:\/\/www.drlanglois.ca\/en\/contact\/","name":"Contact us! Book your pain treatment in Montreal, Ottawa, Gatineau","isPartOf":{"@id":"https:\/\/www.drlanglois.ca\/en\/#website"},"datePublished":"2024-06-03T17:27:29+00:00","dateModified":"2025-09-17T16:06:00+00:00","description":"Dr. Langlois - Anesthesiologist. Pain management specialist in Montreal, Gatineau, Ottawa","breadcrumb":{"@id":"https:\/\/www.drlanglois.ca\/en\/contact\/#breadcrumb"},"inLanguage":"en-US","potentialAction":[{"@type":"ReadAction","target":["https:\/\/www.drlanglois.ca\/en\/contact\/"]}]},{"@type":"BreadcrumbList","@id":"https:\/\/www.drlanglois.ca\/en\/contact\/#breadcrumb","itemListElement":[{"@type":"ListItem","position":1,"name":"Home","item":"https:\/\/www.drlanglois.ca\/en\/"},{"@type":"ListItem","position":2,"name":"Contact"}]},{"@type":"WebSite","@id":"https:\/\/www.drlanglois.ca\/en\/#website","url":"https:\/\/www.drlanglois.ca\/en\/","name":"Clinique de gestion de la douleur chronique \u00e0 Montr\u00e9al et \u00e0 Gatineau","description":"Dr Patrice Langlois","publisher":{"@id":"https:\/\/www.drlanglois.ca\/en\/#organization"},"potentialAction":[{"@type":"SearchAction","target":{"@type":"EntryPoint","urlTemplate":"https:\/\/www.drlanglois.ca\/en\/?s={search_term_string}"},"query-input":"required name=search_term_string"}],"inLanguage":"en-US"},{"@type":"Organization","@id":"https:\/\/www.drlanglois.ca\/en\/#organization","name":"Dr Patrice Langlois","alternateName":"La clinique de gestion de la douleur du Dr Patrice Langlois","url":"https:\/\/www.drlanglois.ca\/en\/","logo":{"@type":"ImageObject","inLanguage":"en-US","@id":"https:\/\/www.drlanglois.ca\/en\/#\/schema\/logo\/image\/","url":"https:\/\/www.drlanglois.ca\/wp-content\/uploads\/2024\/06\/lang3.png","contentUrl":"https:\/\/www.drlanglois.ca\/wp-content\/uploads\/2024\/06\/lang3.png","width":696,"height":693,"caption":"Dr Patrice Langlois"},"image":{"@id":"https:\/\/www.drlanglois.ca\/en\/#\/schema\/logo\/image\/"},"sameAs":["https:\/\/www.facebook.com\/drpatricelanglois\/","https:\/\/www.instagram.com\/drpatricelanglois\/"]}]}},"_links":{"self":[{"href":"https:\/\/www.drlanglois.ca\/en\/wp-json\/wp\/v2\/pages\/928","targetHints":{"allow":["GET"]}}],"collection":[{"href":"https:\/\/www.drlanglois.ca\/en\/wp-json\/wp\/v2\/pages"}],"about":[{"href":"https:\/\/www.drlanglois.ca\/en\/wp-json\/wp\/v2\/types\/page"}],"author":[{"embeddable":true,"href":"https:\/\/www.drlanglois.ca\/en\/wp-json\/wp\/v2\/users\/1"}],"replies":[{"embeddable":true,"href":"https:\/\/www.drlanglois.ca\/en\/wp-json\/wp\/v2\/comments?post=928"}],"version-history":[{"count":10,"href":"https:\/\/www.drlanglois.ca\/en\/wp-json\/wp\/v2\/pages\/928\/revisions"}],"predecessor-version":[{"id":1179,"href":"https:\/\/www.drlanglois.ca\/en\/wp-json\/wp\/v2\/pages\/928\/revisions\/1179"}],"wp:attachment":[{"href":"https:\/\/www.drlanglois.ca\/en\/wp-json\/wp\/v2\/media?parent=928"}],"curies":[{"name":"wp","href":"https:\/\/api.w.org\/{rel}","templated":true}]}}