{"id":913,"date":"2024-06-03T16:27:38","date_gmt":"2024-06-03T16:27:38","guid":{"rendered":"https:\/\/www.drlanglois.ca\/our-clinic\/"},"modified":"2024-07-12T19:34:59","modified_gmt":"2024-07-12T19:34:59","slug":"our-clinic","status":"publish","type":"page","link":"https:\/\/www.drlanglois.ca\/en\/our-clinic\/","title":{"rendered":"Our clinic"},"content":{"rendered":"<section class=\"wpb-content-wrapper\"><p>[vc_row css_animation=&#8221;&#8221; row_type=&#8221;row&#8221; use_row_as_full_screen_section=&#8221;no&#8221; type=&#8221;full_width&#8221; angled_section=&#8221;no&#8221; text_align=&#8221;left&#8221; background_image_as_pattern=&#8221;without_pattern&#8221; el_id=&#8221;hero&#8221; z_index=&#8221;&#8221;][vc_column width=&#8221;1\/2&#8243;]\n\t\t\t<!-- START hero REVOLUTION SLIDER 6.6.16 --><p class=\"rs-p-wp-fix\"><\/p>\n\t\t\t<rs-module-wrap id=\"rev_slider_1_1_wrapper\" data-source=\"post\" style=\"visibility:hidden;background:transparent;padding:0;\">\n\t\t\t\t<rs-module id=\"rev_slider_1_1\" style=\"\" data-version=\"6.6.16\">\n\t\t\t\t\t<rs-slides style=\"overflow: hidden; position: absolute;\">\n\t\t\t\t\t\t<rs-slide style=\"position: absolute;\" data-key=\"rs-913\" data-title=\"Our clinic\" data-in=\"o:1;x:-100%;\">\n\t\t\t\t\t\t\t<img decoding=\"async\" src=\"\/\/www.drlanglois.ca\/wp-content\/plugins\/revslider\/public\/assets\/assets\/dummy.png\" alt=\"\" title=\"4\" width=\"1080\" height=\"1080\" class=\"rev-slidebg tp-rs-img rs-lazyload\" data-lazyload=\"\/\/www.drlanglois.ca\/wp-content\/uploads\/2024\/06\/4.jpg\" data-no-retina>\n<!---->\t\t\t\t\t\t<\/rs-slide>\n\t\t\t\t\t<\/rs-slides>\n\t\t\t\t<\/rs-module>\n\t\t\t\t<script>\n\t\t\t\t\tsetREVStartSize({c: 'rev_slider_1_1',rl:[1240,1024,778,480],el:[900],gw:[1240],gh:[900],type:'hero',justify:'',layout:'fullscreen',offsetContainer:'.sizer',offset:'0px',mh:\"0\"});if (window.RS_MODULES!==undefined && window.RS_MODULES.modules!==undefined && window.RS_MODULES.modules[\"revslider11\"]!==undefined) {window.RS_MODULES.modules[\"revslider11\"].once = false;window.revapi1 = undefined;if (window.RS_MODULES.checkMinimal!==undefined) window.RS_MODULES.checkMinimal()}\n\t\t\t\t<\/script>\n\t\t\t<\/rs-module-wrap>\n\t\t\t<!-- END REVOLUTION SLIDER -->\n[\/vc_column][vc_column width=&#8221;1\/2&#8243;][vc_column_text]<\/p>\n<h1>Our clinic<\/h1>\n<p>Specialized Chronic Pain Clinic<br \/>\n<a href=\"https:\/\/www.drlanglois.ca\/en\/book-a-consultation\/\">SCHEDULE A CONSULTATION<\/a>[\/vc_column_text][\/vc_column][\/vc_row][vc_row css_animation=&#8221;&#8221; row_type=&#8221;row&#8221; use_row_as_full_screen_section=&#8221;no&#8221; type=&#8221;grid&#8221; angled_section=&#8221;no&#8221; text_align=&#8221;left&#8221; background_image_as_pattern=&#8221;without_pattern&#8221; z_index=&#8221;&#8221; el_id=&#8221;full&#8221;][vc_column][vc_column_text]<\/p>\n<h2>Mission of the Pain Management Clinic<\/h2>\n<p>Chronic pain treatments and procedures are not curative; in the majority of cases, patients experience relief that varies from one patient to another. Depending on the patient, they report walking better, longer, doing more things in their daily lives, making progress in their rehabilitation, sleeping better. However, they must return occasionally for maintenance treatments.<\/p>\n<p>It&#8217;s vital to understand the challenge of pain management: AN INDIVIDUAL&#8217;S ABILITY TO ADAPT TO HIS OR HER NEW CONDITION. If you persist in trying to carry out your daily activities in the same way as before, the effect of the treatments is likely to diminish, as is the effectiveness of the analgesic drugs.[\/vc_column_text][vc_column_text]<div class=\"separ\"><svg xmlns=\"http:\/\/www.w3.org\/2000\/svg\" viewBox=\"0 0 174.32 173.46\"><defs><style>.zzz-1,.zzz-2{fill:#2d539e;}.zzz-2{stroke:#2d539e;stroke-miterlimit:10;stroke-width:2px;}<\/style><\/defs><g id=\"Layer_2\" data-name=\"Layer 2\"><g id=\"OBJECTS\"><path class=\"zzz-1\" d=\"M3.2,89.71A78.81,78.81,0,0,1,155,58.46,78.82,78.82,0,1,0,5.84,108.62,78.94,78.94,0,0,1,3.2,89.71Z\"\/><path class=\"zzz-1\" d=\"M155.39,70.61c1.56,44.4-32.32,81.63-75.67,83.16-33.35,1.17-62.58-19.12-75-48.76,9.68,34.76,41.51,59.68,78.36,58.38,43.35-1.52,77.23-38.75,75.67-83.16a82,82,0,0,0-6.31-28.88,82.29,82.29,0,0,1,3,19.25Z\"\/><path class=\"zzz-1\" d=\"M10.68,10.26s42.65,19.64,22.69,52-19.68,42.52-14.59,65.11c0,0-1.45-22.89,16.88-48.42S53.44,22.26,10.68,10.26Z\"\/><path class=\"zzz-1\" d=\"M50,173.46s-31.85-52.8,2.18-88.15S174.32,57.82,174.32,57.82s-55.42-22.43-113.89,8S39.48,162.55,50,173.46Z\"\/><path class=\"zzz-2\" d=\"M57,37.17a11.12,11.12,0,1,1,15.57,14.2A11.93,11.93,0,1,0,58,47.93a11.09,11.09,0,0,1-1-10.75Z\"\/><\/g><\/g><\/svg>\n    <\/div>[\/vc_column_text][\/vc_column][\/vc_row][vc_row css_animation=&#8221;&#8221; row_type=&#8221;row&#8221; use_row_as_full_screen_section=&#8221;no&#8221; type=&#8221;full_width&#8221; angled_section=&#8221;no&#8221; text_align=&#8221;left&#8221; background_image_as_pattern=&#8221;without_pattern&#8221; z_index=&#8221;&#8221; el_id=&#8221;affections&#8221; el_class=&#8221;text-left&#8221;][vc_column width=&#8221;1\/2&#8243;][vc_column_text]<\/p>\n<h2>Our treatments<\/h2>\n<p>Our clinic offers a range of services that include a multimodal approach to holistic therapy, with a host of treatment options to suit every situation.<\/p>\n<p>For the team at Dr. Patrice Langlois&#8217; clinic, several values are very important, and open-mindedness is one of them. You will always be treated without judgment, with integrity and fairness. Whatever your chronic pain situation, you&#8217;ll be sure to get an honest opinion about your situation. [\/vc_column_text]<div style=\"text-align:left\"><a href=\"https:\/\/www.drlanglois.ca\/en\/managing-your-pain\/\" class=\"button button--bestia \" target=\"_self\"><div class=\"button__bg\"><\/div><span>SEE OUR TREATMENTS<\/span><\/a><\/div>[\/vc_column][vc_column width=&#8221;1\/2&#8243;][vc_single_image image=&#8221;724&#8243; img_size=&#8221;full&#8221; alignment=&#8221;center&#8221; qode_css_animation=&#8221;&#8221;][\/vc_column][\/vc_row][vc_row css_animation=&#8221;&#8221; row_type=&#8221;row&#8221; use_row_as_full_screen_section=&#8221;no&#8221; type=&#8221;grid&#8221; angled_section=&#8221;no&#8221; text_align=&#8221;left&#8221; background_image_as_pattern=&#8221;without_pattern&#8221; el_id=&#8221;mini&#8221; z_index=&#8221;&#8221;][vc_column][vc_column_text]Chronic pain can leave you feeling isolated. At Dr. Patrice Langlois Pain Management Clinic, you&#8217;re part of a caring community that strives to help you feel supported and understood.<\/p>\n<p>Contact us today to learn more.<\/p>\n<p>[\/vc_column_text]<div style=\"text-align:center\"><a href=\"https:\/\/www.drlanglois.ca\/en\/book-a-consultation\/\" class=\"button button--bestia \" target=\"_self\"><div class=\"button__bg\"><\/div><span>SCHEDULE A CONSULTATION<\/span><\/a><\/div>[\/vc_column][\/vc_row][vc_row css_animation=&#8221;&#8221; row_type=&#8221;row&#8221; use_row_as_full_screen_section=&#8221;no&#8221; type=&#8221;full_width&#8221; angled_section=&#8221;no&#8221; text_align=&#8221;left&#8221; background_image_as_pattern=&#8221;without_pattern&#8221; z_index=&#8221;&#8221; el_class=&#8221;text-right&#8221;][vc_column width=&#8221;1\/2&#8243;][vc_single_image image=&#8221;725&#8243; img_size=&#8221;full&#8221; alignment=&#8221;center&#8221; qode_css_animation=&#8221;&#8221;][\/vc_column][vc_column width=&#8221;1\/2&#8243;][vc_column_text]<\/p>\n<h2>Meet Dr Patrice Langlois<\/h2>\n<p>Trained as an anesthesiologist, Dr. Patrice Langlois has focused his services on the treatment of chronic pain. Initially working in hospitals, he gradually moved into the private sector to offer more flexible services tailored to his patients&#8217; needs.<\/p>\n<p>With 25 years of clinical experience and treatments ranging from injections to analgesic prescriptions and infusion therapy, Dr. Patrice Langlois will assess your condition and advise you on the various options available for pain management.[\/vc_column_text]<div style=\"text-align:left\"><a href=\"\/en\/dr-patrice-langlois\/\" class=\"button button--bestia \" target=\"_self\"><div class=\"button__bg\"><\/div><span>LEARN MORE<\/span><\/a><\/div>[\/vc_column][\/vc_row][vc_row css_animation=&#8221;&#8221; row_type=&#8221;row&#8221; use_row_as_full_screen_section=&#8221;no&#8221; type=&#8221;full_width&#8221; angled_section=&#8221;no&#8221; text_align=&#8221;left&#8221; background_image_as_pattern=&#8221;without_pattern&#8221; z_index=&#8221;&#8221; el_class=&#8221;text-left&#8221;][vc_column width=&#8221;1\/2&#8243;][vc_column_text]<\/p>\n<h2>Rapid management of your chronic pain<\/h2>\n<p>To benefit from the services of Dr. Patrice Langlois&#8217; clinic, you must first be referred by your family doctor, for chronic pain for example. Once you&#8217;ve been referred, you&#8217;ll benefit from rapid access to services, as there is no waiting list.<\/p>\n<p>If your situation turns out to be an emergency, your case can be seen in less than two weeks. Accessibility and short waiting times are part of our clinic&#8217;s DNA. We know how uncomfortable chronic pain can be, and we work hard to keep wait times to a minimum.[\/vc_column_text]<div style=\"text-align:left\"><a href=\"https:\/\/www.drlanglois.ca\/en\/book-a-consultation\/\" class=\"button button--bestia \" target=\"_self\"><div class=\"button__bg\"><\/div><span>SCHEDULE A CONSULTATION<\/span><\/a><\/div>[\/vc_column][vc_column width=&#8221;1\/2&#8243;][vc_single_image image=&#8221;726&#8243; img_size=&#8221;full&#8221; alignment=&#8221;center&#8221; qode_css_animation=&#8221;&#8221;][\/vc_column][\/vc_row]<\/p>\n<\/section>","protected":false},"excerpt":{"rendered":"<p>[vc_row css_animation=&#8221;&#8221; row_type=&#8221;row&#8221; use_row_as_full_screen_section=&#8221;no&#8221; type=&#8221;full_width&#8221; angled_section=&#8221;no&#8221; text_align=&#8221;left&#8221; background_image_as_pattern=&#8221;without_pattern&#8221; el_id=&#8221;hero&#8221; z_index=&#8221;&#8221;][vc_column width=&#8221;1\/2&#8243;][\/vc_column][vc_column width=&#8221;1\/2&#8243;][vc_column_text] Our clinic Specialized Chronic Pain Clinic SCHEDULE A CONSULTATION[\/vc_column_text][\/vc_column][\/vc_row][vc_row css_animation=&#8221;&#8221; row_type=&#8221;row&#8221; use_row_as_full_screen_section=&#8221;no&#8221; type=&#8221;grid&#8221; angled_section=&#8221;no&#8221; text_align=&#8221;left&#8221; background_image_as_pattern=&#8221;without_pattern&#8221; z_index=&#8221;&#8221; el_id=&#8221;full&#8221;][vc_column][vc_column_text] Mission of the Pain Management Clinic Chronic pain treatments and procedures are not curative; in&#8230;<\/p>\n","protected":false},"author":1,"featured_media":723,"parent":0,"menu_order":0,"comment_status":"closed","ping_status":"closed","template":"full_width.php","meta":{"inline_featured_image":false,"footnotes":""},"class_list":["post-913","page","type-page","status-publish","has-post-thumbnail","hentry"],"acf":[],"yoast_head":"<!-- This site is optimized with the Yoast SEO plugin v22.9 - https:\/\/yoast.com\/wordpress\/plugins\/seo\/ -->\n<title>Our pain management clinic in Montreal, Ottawa, Gatineau<\/title>\n<meta name=\"description\" content=\"Specialized Chronic Pain Clinic in Montreal, Ottawa, Gatineau\" \/>\n<meta name=\"robots\" content=\"index, follow, max-snippet:-1, max-image-preview:large, max-video-preview:-1\" \/>\n<link rel=\"canonical\" href=\"https:\/\/www.drlanglois.ca\/en\/our-clinic\/\" \/>\n<meta property=\"og:locale\" content=\"en_US\" \/>\n<meta property=\"og:type\" content=\"article\" \/>\n<meta property=\"og:title\" content=\"Our pain management clinic in Montreal, Ottawa, Gatineau\" \/>\n<meta property=\"og:description\" content=\"Specialized Chronic Pain Clinic in Montreal, Ottawa, Gatineau\" \/>\n<meta property=\"og:url\" content=\"https:\/\/www.drlanglois.ca\/en\/our-clinic\/\" \/>\n<meta property=\"og:site_name\" content=\"Clinique de gestion de la douleur chronique \u00e0 Montr\u00e9al et \u00e0 Gatineau\" \/>\n<meta property=\"article:publisher\" content=\"https:\/\/www.facebook.com\/drpatricelanglois\/\" \/>\n<meta property=\"article:modified_time\" content=\"2024-07-12T19:34:59+00:00\" \/>\n<meta property=\"og:image\" content=\"https:\/\/www.drlanglois.ca\/wp-content\/uploads\/2024\/06\/4.jpg\" \/>\n\t<meta property=\"og:image:width\" content=\"1080\" \/>\n\t<meta property=\"og:image:height\" content=\"1080\" \/>\n\t<meta property=\"og:image:type\" content=\"image\/jpeg\" \/>\n<meta name=\"twitter:card\" content=\"summary_large_image\" \/>\n<meta name=\"twitter:label1\" content=\"Est. reading time\" \/>\n\t<meta name=\"twitter:data1\" content=\"3 minutes\" \/>\n<script type=\"application\/ld+json\" class=\"yoast-schema-graph\">{\"@context\":\"https:\/\/schema.org\",\"@graph\":[{\"@type\":\"WebPage\",\"@id\":\"https:\/\/www.drlanglois.ca\/en\/our-clinic\/\",\"url\":\"https:\/\/www.drlanglois.ca\/en\/our-clinic\/\",\"name\":\"Our pain management clinic in Montreal, Ottawa, Gatineau\",\"isPartOf\":{\"@id\":\"https:\/\/www.drlanglois.ca\/en\/#website\"},\"primaryImageOfPage\":{\"@id\":\"https:\/\/www.drlanglois.ca\/en\/our-clinic\/#primaryimage\"},\"image\":{\"@id\":\"https:\/\/www.drlanglois.ca\/en\/our-clinic\/#primaryimage\"},\"thumbnailUrl\":\"https:\/\/www.drlanglois.ca\/wp-content\/uploads\/2024\/06\/4.jpg\",\"datePublished\":\"2024-06-03T16:27:38+00:00\",\"dateModified\":\"2024-07-12T19:34:59+00:00\",\"description\":\"Specialized Chronic Pain Clinic in Montreal, Ottawa, Gatineau\",\"breadcrumb\":{\"@id\":\"https:\/\/www.drlanglois.ca\/en\/our-clinic\/#breadcrumb\"},\"inLanguage\":\"en-US\",\"potentialAction\":[{\"@type\":\"ReadAction\",\"target\":[\"https:\/\/www.drlanglois.ca\/en\/our-clinic\/\"]}]},{\"@type\":\"ImageObject\",\"inLanguage\":\"en-US\",\"@id\":\"https:\/\/www.drlanglois.ca\/en\/our-clinic\/#primaryimage\",\"url\":\"https:\/\/www.drlanglois.ca\/wp-content\/uploads\/2024\/06\/4.jpg\",\"contentUrl\":\"https:\/\/www.drlanglois.ca\/wp-content\/uploads\/2024\/06\/4.jpg\",\"width\":1080,\"height\":1080},{\"@type\":\"BreadcrumbList\",\"@id\":\"https:\/\/www.drlanglois.ca\/en\/our-clinic\/#breadcrumb\",\"itemListElement\":[{\"@type\":\"ListItem\",\"position\":1,\"name\":\"Home\",\"item\":\"https:\/\/www.drlanglois.ca\/en\/\"},{\"@type\":\"ListItem\",\"position\":2,\"name\":\"Our clinic\"}]},{\"@type\":\"WebSite\",\"@id\":\"https:\/\/www.drlanglois.ca\/en\/#website\",\"url\":\"https:\/\/www.drlanglois.ca\/en\/\",\"name\":\"Clinique de gestion de la douleur chronique \u00e0 Montr\u00e9al et \u00e0 Gatineau\",\"description\":\"Dr Patrice Langlois\",\"publisher\":{\"@id\":\"https:\/\/www.drlanglois.ca\/en\/#organization\"},\"potentialAction\":[{\"@type\":\"SearchAction\",\"target\":{\"@type\":\"EntryPoint\",\"urlTemplate\":\"https:\/\/www.drlanglois.ca\/en\/?s={search_term_string}\"},\"query-input\":\"required name=search_term_string\"}],\"inLanguage\":\"en-US\"},{\"@type\":\"Organization\",\"@id\":\"https:\/\/www.drlanglois.ca\/en\/#organization\",\"name\":\"Dr Patrice Langlois\",\"alternateName\":\"La clinique de gestion de la douleur du Dr Patrice Langlois\",\"url\":\"https:\/\/www.drlanglois.ca\/en\/\",\"logo\":{\"@type\":\"ImageObject\",\"inLanguage\":\"en-US\",\"@id\":\"https:\/\/www.drlanglois.ca\/en\/#\/schema\/logo\/image\/\",\"url\":\"https:\/\/www.drlanglois.ca\/wp-content\/uploads\/2024\/06\/lang3.png\",\"contentUrl\":\"https:\/\/www.drlanglois.ca\/wp-content\/uploads\/2024\/06\/lang3.png\",\"width\":696,\"height\":693,\"caption\":\"Dr Patrice Langlois\"},\"image\":{\"@id\":\"https:\/\/www.drlanglois.ca\/en\/#\/schema\/logo\/image\/\"},\"sameAs\":[\"https:\/\/www.facebook.com\/drpatricelanglois\/\",\"https:\/\/www.instagram.com\/drpatricelanglois\/\"]}]}<\/script>\n<!-- \/ Yoast SEO plugin. -->","yoast_head_json":{"title":"Our pain management clinic in Montreal, Ottawa, Gatineau","description":"Specialized Chronic Pain Clinic in Montreal, Ottawa, Gatineau","robots":{"index":"index","follow":"follow","max-snippet":"max-snippet:-1","max-image-preview":"max-image-preview:large","max-video-preview":"max-video-preview:-1"},"canonical":"https:\/\/www.drlanglois.ca\/en\/our-clinic\/","og_locale":"en_US","og_type":"article","og_title":"Our pain management clinic in Montreal, Ottawa, Gatineau","og_description":"Specialized Chronic Pain Clinic in Montreal, Ottawa, Gatineau","og_url":"https:\/\/www.drlanglois.ca\/en\/our-clinic\/","og_site_name":"Clinique de gestion de la douleur chronique \u00e0 Montr\u00e9al et \u00e0 Gatineau","article_publisher":"https:\/\/www.facebook.com\/drpatricelanglois\/","article_modified_time":"2024-07-12T19:34:59+00:00","og_image":[{"width":1080,"height":1080,"url":"https:\/\/www.drlanglois.ca\/wp-content\/uploads\/2024\/06\/4.jpg","type":"image\/jpeg"}],"twitter_card":"summary_large_image","twitter_misc":{"Est. reading time":"3 minutes"},"schema":{"@context":"https:\/\/schema.org","@graph":[{"@type":"WebPage","@id":"https:\/\/www.drlanglois.ca\/en\/our-clinic\/","url":"https:\/\/www.drlanglois.ca\/en\/our-clinic\/","name":"Our pain management clinic in Montreal, Ottawa, Gatineau","isPartOf":{"@id":"https:\/\/www.drlanglois.ca\/en\/#website"},"primaryImageOfPage":{"@id":"https:\/\/www.drlanglois.ca\/en\/our-clinic\/#primaryimage"},"image":{"@id":"https:\/\/www.drlanglois.ca\/en\/our-clinic\/#primaryimage"},"thumbnailUrl":"https:\/\/www.drlanglois.ca\/wp-content\/uploads\/2024\/06\/4.jpg","datePublished":"2024-06-03T16:27:38+00:00","dateModified":"2024-07-12T19:34:59+00:00","description":"Specialized Chronic Pain Clinic in Montreal, Ottawa, Gatineau","breadcrumb":{"@id":"https:\/\/www.drlanglois.ca\/en\/our-clinic\/#breadcrumb"},"inLanguage":"en-US","potentialAction":[{"@type":"ReadAction","target":["https:\/\/www.drlanglois.ca\/en\/our-clinic\/"]}]},{"@type":"ImageObject","inLanguage":"en-US","@id":"https:\/\/www.drlanglois.ca\/en\/our-clinic\/#primaryimage","url":"https:\/\/www.drlanglois.ca\/wp-content\/uploads\/2024\/06\/4.jpg","contentUrl":"https:\/\/www.drlanglois.ca\/wp-content\/uploads\/2024\/06\/4.jpg","width":1080,"height":1080},{"@type":"BreadcrumbList","@id":"https:\/\/www.drlanglois.ca\/en\/our-clinic\/#breadcrumb","itemListElement":[{"@type":"ListItem","position":1,"name":"Home","item":"https:\/\/www.drlanglois.ca\/en\/"},{"@type":"ListItem","position":2,"name":"Our clinic"}]},{"@type":"WebSite","@id":"https:\/\/www.drlanglois.ca\/en\/#website","url":"https:\/\/www.drlanglois.ca\/en\/","name":"Clinique de gestion de la douleur chronique \u00e0 Montr\u00e9al et \u00e0 Gatineau","description":"Dr Patrice Langlois","publisher":{"@id":"https:\/\/www.drlanglois.ca\/en\/#organization"},"potentialAction":[{"@type":"SearchAction","target":{"@type":"EntryPoint","urlTemplate":"https:\/\/www.drlanglois.ca\/en\/?s={search_term_string}"},"query-input":"required name=search_term_string"}],"inLanguage":"en-US"},{"@type":"Organization","@id":"https:\/\/www.drlanglois.ca\/en\/#organization","name":"Dr Patrice Langlois","alternateName":"La clinique de gestion de la douleur du Dr Patrice Langlois","url":"https:\/\/www.drlanglois.ca\/en\/","logo":{"@type":"ImageObject","inLanguage":"en-US","@id":"https:\/\/www.drlanglois.ca\/en\/#\/schema\/logo\/image\/","url":"https:\/\/www.drlanglois.ca\/wp-content\/uploads\/2024\/06\/lang3.png","contentUrl":"https:\/\/www.drlanglois.ca\/wp-content\/uploads\/2024\/06\/lang3.png","width":696,"height":693,"caption":"Dr Patrice Langlois"},"image":{"@id":"https:\/\/www.drlanglois.ca\/en\/#\/schema\/logo\/image\/"},"sameAs":["https:\/\/www.facebook.com\/drpatricelanglois\/","https:\/\/www.instagram.com\/drpatricelanglois\/"]}]}},"_links":{"self":[{"href":"https:\/\/www.drlanglois.ca\/en\/wp-json\/wp\/v2\/pages\/913","targetHints":{"allow":["GET"]}}],"collection":[{"href":"https:\/\/www.drlanglois.ca\/en\/wp-json\/wp\/v2\/pages"}],"about":[{"href":"https:\/\/www.drlanglois.ca\/en\/wp-json\/wp\/v2\/types\/page"}],"author":[{"embeddable":true,"href":"https:\/\/www.drlanglois.ca\/en\/wp-json\/wp\/v2\/users\/1"}],"replies":[{"embeddable":true,"href":"https:\/\/www.drlanglois.ca\/en\/wp-json\/wp\/v2\/comments?post=913"}],"version-history":[{"count":5,"href":"https:\/\/www.drlanglois.ca\/en\/wp-json\/wp\/v2\/pages\/913\/revisions"}],"predecessor-version":[{"id":1063,"href":"https:\/\/www.drlanglois.ca\/en\/wp-json\/wp\/v2\/pages\/913\/revisions\/1063"}],"wp:featuredmedia":[{"embeddable":true,"href":"https:\/\/www.drlanglois.ca\/en\/wp-json\/wp\/v2\/media\/723"}],"wp:attachment":[{"href":"https:\/\/www.drlanglois.ca\/en\/wp-json\/wp\/v2\/media?parent=913"}],"curies":[{"name":"wp","href":"https:\/\/api.w.org\/{rel}","templated":true}]}}