{"id":901,"date":"2024-06-04T17:52:24","date_gmt":"2024-06-04T17:52:24","guid":{"rendered":"https:\/\/www.drlanglois.ca\/managing-your-pain\/"},"modified":"2024-07-11T15:15:42","modified_gmt":"2024-07-11T15:15:42","slug":"managing-your-pain","status":"publish","type":"page","link":"https:\/\/www.drlanglois.ca\/en\/managing-your-pain\/","title":{"rendered":"Managing your pain"},"content":{"rendered":"<section class=\"wpb-content-wrapper\"><p>[vc_row css_animation=&#8221;&#8221; row_type=&#8221;row&#8221; use_row_as_full_screen_section=&#8221;no&#8221; type=&#8221;full_width&#8221; angled_section=&#8221;no&#8221; text_align=&#8221;left&#8221; background_image_as_pattern=&#8221;without_pattern&#8221; el_id=&#8221;hero&#8221; z_index=&#8221;&#8221;][vc_column width=&#8221;1\/2&#8243;]\n\t\t\t<!-- START hero REVOLUTION SLIDER 6.6.16 --><p class=\"rs-p-wp-fix\"><\/p>\n\t\t\t<rs-module-wrap id=\"rev_slider_1_1_wrapper\" data-source=\"post\" style=\"visibility:hidden;background:transparent;padding:0;\">\n\t\t\t\t<rs-module id=\"rev_slider_1_1\" style=\"\" data-version=\"6.6.16\">\n\t\t\t\t\t<rs-slides style=\"overflow: hidden; position: absolute;\">\n\t\t\t\t\t\t<rs-slide style=\"position: absolute;\" data-key=\"rs-901\" data-title=\"Managing your pain\" data-in=\"o:1;x:-100%;\">\n\t\t\t\t\t\t\t<img decoding=\"async\" src=\"\/\/www.drlanglois.ca\/wp-content\/plugins\/revslider\/public\/assets\/assets\/dummy.png\" alt=\"\" width=\"2000\" height=\"2000\" class=\"rev-slidebg tp-rs-img rs-lazyload\" data-lazyload=\"\/\/www.drlanglois.ca\/wp-content\/uploads\/2024\/06\/8089461.jpg\" data-no-retina>\n<!---->\t\t\t\t\t\t<\/rs-slide>\n\t\t\t\t\t<\/rs-slides>\n\t\t\t\t<\/rs-module>\n\t\t\t\t<script>\n\t\t\t\t\tsetREVStartSize({c: 'rev_slider_1_1',rl:[1240,1024,778,480],el:[900],gw:[1240],gh:[900],type:'hero',justify:'',layout:'fullscreen',offsetContainer:'.sizer',offset:'0px',mh:\"0\"});if (window.RS_MODULES!==undefined && window.RS_MODULES.modules!==undefined && window.RS_MODULES.modules[\"revslider11\"]!==undefined) {window.RS_MODULES.modules[\"revslider11\"].once = false;window.revapi1 = undefined;if (window.RS_MODULES.checkMinimal!==undefined) window.RS_MODULES.checkMinimal()}\n\t\t\t\t<\/script>\n\t\t\t<\/rs-module-wrap>\n\t\t\t<!-- END REVOLUTION SLIDER -->\n[\/vc_column][vc_column width=&#8221;1\/2&#8243;][vc_column_text]<div class=\"icon\"><\/div>[\/vc_column_text][vc_column_text]<\/p>\n<h1>Managing your pain<\/h1>\n<p>Reduce your pain and improve your quality of life.<br \/>\n<a href=\"https:\/\/www.drlanglois.ca\/en\/book-a-consultation\/\">SCHEDULE A CONSULTATION<\/a>[\/vc_column_text][\/vc_column][\/vc_row][vc_row css_animation=&#8221;&#8221; row_type=&#8221;row&#8221; use_row_as_full_screen_section=&#8221;no&#8221; type=&#8221;grid&#8221; angled_section=&#8221;no&#8221; text_align=&#8221;left&#8221; background_image_as_pattern=&#8221;without_pattern&#8221; z_index=&#8221;&#8221; el_id=&#8221;full&#8221;][vc_column][vc_column_text]Our clinic offers comprehensive solutions to help you manage chronic pain and restore physical function. With a dedicated team of experts and a wide range of treatment options, we&#8217;re here to help you every step of the way.<\/p>\n<p>Medical management of chronic pain often involves a combination of treatments and therapeutic options, known as a multimodal approach. In addition to medicine, patients are often referred to therapists from a variety of specialties, including physiotherapists, massage therapists, chiropractors, occupational therapists and psychotherapists.[\/vc_column_text][vc_column_text]<div class=\"separ\"><svg xmlns=\"http:\/\/www.w3.org\/2000\/svg\" viewBox=\"0 0 174.32 173.46\"><defs><style>.zzz-1,.zzz-2{fill:#2d539e;}.zzz-2{stroke:#2d539e;stroke-miterlimit:10;stroke-width:2px;}<\/style><\/defs><g id=\"Layer_2\" data-name=\"Layer 2\"><g id=\"OBJECTS\"><path class=\"zzz-1\" d=\"M3.2,89.71A78.81,78.81,0,0,1,155,58.46,78.82,78.82,0,1,0,5.84,108.62,78.94,78.94,0,0,1,3.2,89.71Z\"\/><path class=\"zzz-1\" d=\"M155.39,70.61c1.56,44.4-32.32,81.63-75.67,83.16-33.35,1.17-62.58-19.12-75-48.76,9.68,34.76,41.51,59.68,78.36,58.38,43.35-1.52,77.23-38.75,75.67-83.16a82,82,0,0,0-6.31-28.88,82.29,82.29,0,0,1,3,19.25Z\"\/><path class=\"zzz-1\" d=\"M10.68,10.26s42.65,19.64,22.69,52-19.68,42.52-14.59,65.11c0,0-1.45-22.89,16.88-48.42S53.44,22.26,10.68,10.26Z\"\/><path class=\"zzz-1\" d=\"M50,173.46s-31.85-52.8,2.18-88.15S174.32,57.82,174.32,57.82s-55.42-22.43-113.89,8S39.48,162.55,50,173.46Z\"\/><path class=\"zzz-2\" d=\"M57,37.17a11.12,11.12,0,1,1,15.57,14.2A11.93,11.93,0,1,0,58,47.93a11.09,11.09,0,0,1-1-10.75Z\"\/><\/g><\/g><\/svg>\n    <\/div>[\/vc_column_text][\/vc_column][\/vc_row][vc_row css_animation=&#8221;&#8221; row_type=&#8221;row&#8221; use_row_as_full_screen_section=&#8221;no&#8221; type=&#8221;grid&#8221; angled_section=&#8221;no&#8221; text_align=&#8221;left&#8221; background_image_as_pattern=&#8221;without_pattern&#8221; el_id=&#8221;injections&#8221; z_index=&#8221;&#8221;][vc_column][vc_column_text]<\/p>\n<h2>We offer a variety of treatments to relieve pain and improve your quality of life, such as :<\/h2>\n<p>[\/vc_column_text][vc_empty_space][vc_row_inner row_type=&#8221;row&#8221; type=&#8221;full_width&#8221; text_align=&#8221;left&#8221; css_animation=&#8221;&#8221;][vc_column_inner width=&#8221;1\/3&#8243;][vc_single_image image=&#8221;628&#8243; img_size=&#8221;full&#8221; alignment=&#8221;center&#8221; qode_css_animation=&#8221;&#8221;][vc_column_text]<\/p>\n<h4>Injections<\/h4>\n<p>Minimally invasive injections that deliver medication directly to painful sites for targeted relief. [\/vc_column_text][\/vc_column_inner][vc_column_inner width=&#8221;1\/3&#8243;][vc_single_image image=&#8221;667&#8243; img_size=&#8221;full&#8221; qode_css_animation=&#8221;&#8221;][vc_column_text]<\/p>\n<h4>Therapeutic infusions<\/h4>\n<p>Intravenous administration of medication for rapid and complete pain relief.[\/vc_column_text][\/vc_column_inner][vc_column_inner width=&#8221;1\/3&#8243;][vc_single_image image=&#8221;719&#8243; img_size=&#8221;full&#8221; qode_css_animation=&#8221;&#8221;][vc_column_text]<\/p>\n<h4>Analgesic drugs<\/h4>\n<p>Customized pain relief medications, with prescription options monitored under close medical supervision.[\/vc_column_text][\/vc_column_inner][\/vc_row_inner][\/vc_column][\/vc_row][vc_row css_animation=&#8221;&#8221; row_type=&#8221;row&#8221; use_row_as_full_screen_section=&#8221;no&#8221; type=&#8221;grid&#8221; angled_section=&#8221;no&#8221; text_align=&#8221;left&#8221; background_image_as_pattern=&#8221;without_pattern&#8221; el_id=&#8221;mini&#8221; z_index=&#8221;&#8221;][vc_column][vc_column_text]Does chronic pain prevent you from enjoying life&#8217;s simple pleasures? Discover solutions for managing your pain. Our comprehensive approach is led by Dr. Patrice Langlois, a pain management professional with over 25 years&#8217; experience.<\/p>\n<p>Contact us today to learn more.[\/vc_column_text]<div style=\"text-align:center\"><a href=\"https:\/\/www.drlanglois.ca\/en\/book-a-consultation\/\" class=\"button button--bestia \" target=\"_self\"><div class=\"button__bg\"><\/div><span>SCHEDULE A CONSULTATION<\/span><\/a><\/div>[\/vc_column][\/vc_row][vc_row css_animation=&#8221;&#8221; row_type=&#8221;row&#8221; use_row_as_full_screen_section=&#8221;no&#8221; type=&#8221;grid&#8221; angled_section=&#8221;no&#8221; text_align=&#8221;left&#8221; background_image_as_pattern=&#8221;without_pattern&#8221; el_id=&#8221;traitements&#8221; z_index=&#8221;&#8221;][vc_column][vc_column_text]<\/p>\n<h2>Our treatments<\/h2>\n<p>These procedures are not curative treatments; in the majority of cases, patients experience relief that varies from one patient to another. Depending on the patient, they may mention walking better, longer, doing more things in their daily lives, making progress in their rehabilitation, or sleeping better. However, patients occasionally need to return for maintenance treatments.<\/p>\n<p>There are various treatments available to counter the effects of chronic pain and recover physical function.<br \/>\n[\/vc_column_text][vc_row_inner row_type=&#8221;row&#8221; type=&#8221;full_width&#8221; text_align=&#8221;left&#8221; css_animation=&#8221;&#8221; el_id=&#8221;inj&#8221;][vc_column_inner][\/vc_column_inner][\/vc_row_inner][vc_column_text]<\/p>\n<h3>Injections<\/h3>\n<p>[\/vc_column_text][vc_raw_html]PGRpdiBjbGFzcz0iZ3JpZGR5IGNvbC00Ij4NCiAgICA8YSBocmVmPSJodHRwczovL3d3dy5kcmxhbmdsb2lzLmNhL2VuL3Byb2NlZHVyZS9jZXJ2aWNhbC1lcGlkdXJhbC8iPg0KICAgICAgICA8aW1nIHNyYz0iL3dwLWNvbnRlbnQvdXBsb2Fkcy8yMDI0LzA2L0NFUlZJQ0FMRS5wbmciPg0KICAgICAgICA8aDU+Q2VydmljYWwgKG5lY2spIGVwaWR1cmFsPC9oNT4NCiAgICA8L2E+DQogICAgPGEgaHJlZj0iaHR0cHM6Ly93d3cuZHJsYW5nbG9pcy5jYS9lbi9wcm9jZWR1cmUvdGhvcmFjaWMtZXBpZHVyYWwtbWlkLWJhY2svIj4NCiAgICAgICAgPGltZyBzcmM9Ii93cC1jb250ZW50L3VwbG9hZHMvMjAyNC8wNi9QZXJpZHVyYWxlLWVwaWR1cmFsZS10aG9yYWNpcXVlLW1pbGlldS1kdS1kb3MucG5nIj4NCiAgICAgICAgPGg1PlRob3JhY2ljIChtaWQtYmFjaykgZXBpZHVyYWw8L2g1Pg0KICAgIDwvYT4NCiAgICA8YSBocmVmPSJodHRwczovL3d3dy5kcmxhbmdsb2lzLmNhL2VuL3Byb2NlZHVyZS9sdW1iYXItZXBpZHVyYWwtbG93ZXItYmFjay8iPg0KICAgICAgICA8aW1nIHNyYz0iL3dwLWNvbnRlbnQvdXBsb2Fkcy8yMDI0LzA2L0VwaWR1cmFsLWx1bWJhci5wbmciPg0KICAgICAgICA8aDU+THVtYmFyIHBlcmlkdXJhbCAoZXBpZHVyYWwpIChsb3dlciBiYWNrKTwvaDU+DQogICAgPC9hPg0KICAgIDxhIGhyZWY9Imh0dHBzOi8vd3d3LmRybGFuZ2xvaXMuY2EvZW4vcHJvY2VkdXJlL3RyaWdnZXItcG9pbnQtaW5qZWN0aW9ucy8iPg0KICAgICAgICA8aW1nIHNyYz0iL3dwLWNvbnRlbnQvdXBsb2Fkcy8yMDI0LzA2L0luamVjdGlvbnMtZGUtcG9pbnRzLWdhY2hldHRlc18yLnBuZyI+DQogICAgICAgIDxoNT5UcmlnZ2VyIHBvaW50IGluamVjdGlvbnM8L2g1Pg0KICAgIDwvYT4NCiAgICA8YSBocmVmPSJodHRwczovL3d3dy5kcmxhbmdsb2lzLmNhL2VuL3Byb2NlZHVyZS9ib3R1bGludW0tdG94aW4taW5qZWN0aW9ucy8iPg0KICAgICAgICA8aW1nIHNyYz0iL3dwLWNvbnRlbnQvdXBsb2Fkcy8yMDI0LzA2L0JvdG94LVRoZXJhcGV1dGljLUluamVjdGlvbnMtZm9yLU1pZ3JhaW5lLnBuZyI+DQogICAgICAgIDxoNT5Cb3R1bGludW0gdG94aW4gaW5qZWN0aW9uczwvaDU+DQogICAgPC9hPg0KICAgIDxhIGhyZWY9Imh0dHBzOi8vd3d3LmRybGFuZ2xvaXMuY2EvZW4vcHJvY2VkdXJlL2ludHJhLWFydGljdWxhci1pbmplY3Rpb25zLyI+DQogICAgICAgIDxpbWcgc3JjPSIvd3AtY29udGVudC91cGxvYWRzLzIwMjQvMDYvSW50cmEtYXJ0aWN1bGFyLWluamVjdGlvbnMucG5nIj4NCiAgICAgICAgPGg1PkludHJhLWFydGljdWxhciBpbmplY3Rpb25zPC9oNT4NCiAgICA8L2E+DQogICAgPGEgaHJlZj0iaHR0cHM6Ly93d3cuZHJsYW5nbG9pcy5jYS9lbi9wcm9jZWR1cmUvY2FycGFsLXR1bm5lbC1pbmplY3Rpb24vIj4NCiAgICAgICAgPGltZyBzcmM9Ii93cC1jb250ZW50L3VwbG9hZHMvMjAyNC8wNi9DYXJwYWwtdHVubmVsLWluamVjdGlvbi5wbmciPg0KICAgICAgICA8aDU+Q2FycGFsIHR1bm5lbCBpbmplY3Rpb25zPC9oNT4NCiAgICA8L2E+DQogICAgPGEgaHJlZj0iaHR0cHM6Ly93d3cuZHJsYW5nbG9pcy5jYS9lbi9wcm9jZWR1cmUvdGVuZG9uLWluZmlsdHJhdGlvbnMvIj4NCiAgICAgICAgPGltZyBzcmM9Ii93cC1jb250ZW50L3VwbG9hZHMvMjAyNC8wNi9JbmZpbHRyYXRpb25zLXRlbmRpbmV1c2VzLnBuZyI+DQogICAgICAgIDxoNT5UZW5kb24gaW5maWx0cmF0aW9uczwvaDU+DQogICAgPC9hPg0KICAgIDxhIGhyZWY9Imh0dHBzOi8vd3d3LmRybGFuZ2xvaXMuY2EvZW4vcHJvY2VkdXJlL29jY2lwaXRhbC1uZXJ2ZS1ibG9jay8iPg0KICAgICAgICA8aW1nIHNyYz0iL3dwLWNvbnRlbnQvdXBsb2Fkcy8yMDI0LzA2L09jY2lwaXRhbC1uZXJ2ZS1ibG9jay5wbmciPg0KICAgICAgICA8aDU+T2NjaXBpdGFsIG5lcnZlIGJsb2NrPC9oNT4NCiAgICA8L2E+DQogICAgPGEgaHJlZj0iaHR0cHM6Ly93d3cuZHJsYW5nbG9pcy5jYS9lbi9wcm9jZWR1cmUvc3ViY2xhdmljdWxhci1icmFjaGlhbC1ibG9jay8iPg0KICAgICAgICA8aW1nIHNyYz0iL3dwLWNvbnRlbnQvdXBsb2Fkcy8yMDI0LzA2L0Jsb2MtYnJhY2hpYWwtc291cy5wbmciPg0KICAgICAgICA8aDU+U3ViY2xhdmljdWxhciBicmFjaGlhbCBibG9jazwvaDU+DQogICAgPC9hPg0KICAgIDxhIGhyZWY9Imh0dHBzOi8vd3d3LmRybGFuZ2xvaXMuY2EvZW4vcHJvY2VkdXJlL2ludGVyc2NhbGVuZS1icmFjaGlhbC1ibG9jay8iPg0KICAgICAgICA8aW1nIHNyYz0iL3dwLWNvbnRlbnQvdXBsb2Fkcy8yMDI0LzA2L0Jsb2MtYnJhY2hpYWwtaW50ZXItc2NhbGVuaXF1ZS5wbmciPg0KICAgICAgICA8aDU+SW50ZXJzY2FsZW5lIGJyYWNoaWFsIGJsb2NrPC9oNT4NCiAgICA8L2E+DQogICAgPGEgaHJlZj0iaHR0cHM6Ly93d3cuZHJsYW5nbG9pcy5jYS9lbi9wcm9jZWR1cmUvc2NpYXRpYy1hbmQtZmVtb3JhbC1uZXJ2ZS1ibG9ja3MvIj4NCiAgICAgICAgPGltZyBzcmM9Ii93cC1jb250ZW50L3VwbG9hZHMvMjAyNC8wNi9CbG9jLWRlcy1uZXJmcy1zY2lhdGlxdWUtZXQtZmVtb3JhbC5wbmciPg0KICAgICAgICA8aDU+U2NpYXRpYyBhbmQgZmVtb3JhbCBuZXJ2ZSBibG9ja3M8L2g1Pg0KICAgIDwvYT4NCiAgICA8YSBocmVmPSJodHRwczovL3d3dy5kcmxhbmdsb2lzLmNhL2VuL3Byb2NlZHVyZS9wdWRlbmRhbC1uZXJ2ZS1ibG9jay8iPg0KICAgICAgICA8aW1nIHNyYz0iL3dwLWNvbnRlbnQvdXBsb2Fkcy8yMDI0LzA2L0Jsb2MtZHUtbmVyZi1ob250ZXV4LXB1ZGVudGFsLnBuZyI+DQogICAgICAgIDxoNT5QdWRlbmRhbCBuZXJ2ZSBibG9jazwvaDU+DQogICAgPC9hPg0KICAgIDxhIGhyZWY9Imh0dHBzOi8vd3d3LmRybGFuZ2xvaXMuY2EvZW4vcHJvY2VkdXJlL3NwaGVub3BhbGF0aW5lLWJsb2NrLyI+DQogICAgICAgIDxpbWcgc3JjPSIvd3AtY29udGVudC91cGxvYWRzLzIwMjQvMDYvU3BoZW5vcGFsYXRpbmUtYmxvY2stLnBuZyI+DQogICAgICAgIDxoNT5TcGhlbm9wYWxhdGluZSBibG9jazwvaDU+DQogICAgPC9hPg0KICAgIDxhIGhyZWY9Imh0dHBzOi8vd3d3LmRybGFuZ2xvaXMuY2EvZW4vcHJvY2VkdXJlL2phaXB1ci1ibG9jay8iPg0KICAgICAgICA8aW1nIHNyYz0iL3dwLWNvbnRlbnQvdXBsb2Fkcy8yMDI0LzA2L0phaXB1ci1ibG9jay5wbmciPg0KICAgICAgICA8aDU+SmFpcHVyIGJsb2NrPC9oNT4NCiAgICA8L2E+DQogICAgPGEgaHJlZj0iaHR0cHM6Ly93d3cuZHJsYW5nbG9pcy5jYS9lbi9wcm9jZWR1cmUvc3RlbGxhdGUtZ2FuZ2xpb24tYmxvY2svIj4NCiAgICAgICAgPGltZyBzcmM9Ii93cC1jb250ZW50L3VwbG9hZHMvMjAyNC8wNi9CbG9jLWR1LWdhbmdsaW9uLXN0ZWxsYWlyZS5wbmciPg0KICAgICAgICA8aDU+U3RlbGxhdGUgZ2FuZ2xpb24gYmxvY2s8L2g1Pg0KICAgIDwvYT4NCjwvZGl2Pg==[\/vc_raw_html][vc_row_inner row_type=&#8221;row&#8221; type=&#8221;full_width&#8221; text_align=&#8221;left&#8221; css_animation=&#8221;&#8221; el_id=&#8221;perf&#8221;][vc_column_inner][\/vc_column_inner][\/vc_row_inner][vc_column_text]<\/p>\n<h3>Therapeutic infusions<\/h3>\n<p>[\/vc_column_text][vc_raw_html]PGRpdiBjbGFzcz0iZ3JpZGR5IGNvbHMtMSI+DQogICAgPGEgaHJlZj0iaHR0cHM6Ly93d3cuZHJsYW5nbG9pcy5jYS9lbi9wcm9jZWR1cmUva2V0YW1pbmUtaW5mdXNpb25zLyI+DQogICAgICAgIDxpbWcgc3JjPSIvd3AtY29udGVudC91cGxvYWRzLzIwMjQvMDYvS2V0YW1pbmUtaW5mdXNpb24ucG5nIj4NCiAgICAgICAgPGg1PktldGFtaW5lIGluZnVzaW9uczwvaDU+DQogICAgPC9hPg0KPC9kaXY+[\/vc_raw_html][vc_row_inner row_type=&#8221;row&#8221; type=&#8221;full_width&#8221; text_align=&#8221;left&#8221; css_animation=&#8221;&#8221; el_id=&#8221;cry&#8221;][vc_column_inner][\/vc_column_inner][\/vc_row_inner][vc_column_text]<\/p>\n<h3>One treatment per device<\/h3>\n<p>[\/vc_column_text][vc_raw_html]PGRpdiBjbGFzcz0iZ3JpZGR5IGNvbHMtMSI+DQogICAgPGEgaHJlZj0iaHR0cHM6Ly93d3cuZHJsYW5nbG9pcy5jYS9lbi9wcm9jZWR1cmUvY3J5b25ldXJvbHlzaXMvIj4NCiAgICAgICAgPGltZyBzcmM9Ii93cC1jb250ZW50L3VwbG9hZHMvMjAyNC8wNi9DcnlvLW5ldXJvbHlzZS1hdmVjSU9WRVJBwrAucG5nIj4NCiAgICAgICAgPGg1PkNyeW9uZXVyb2x5c2lzPC9oNT4NCiAgICA8L2E+DQo8L2Rpdj4=[\/vc_raw_html][vc_row_inner row_type=&#8221;row&#8221; type=&#8221;full_width&#8221; text_align=&#8221;left&#8221; css_animation=&#8221;&#8221; el_id=&#8221;med&#8221;][vc_column_inner][\/vc_column_inner][\/vc_row_inner][vc_column_text]<\/p>\n<h3>Analgesic drugs<\/h3>\n<p>[\/vc_column_text][vc_raw_html]PGRpdiBjbGFzcz0iZ3JpZGR5IGNvbHMtMyI+DQogICAgPGEgaHJlZj0iaHR0cHM6Ly93d3cuZHJsYW5nbG9pcy5jYS9lbi9wcmVzY3JpcHRpb24tYW5hbGdlc2ljcy8iPg0KICAgICAgICA8aW1nIHNyYz0iL3dwLWNvbnRlbnQvdXBsb2Fkcy8yMDI0LzA2L0xlcy1tZWRpY2FtZW50cy1jb250cm9sZXMucG5nIj4NCiAgICAgICAgPGg1PkNvbnRyb2xsZWQgbWVkaWNhdGlvbnM8L2g1Pg0KICAgIDwvYT4NCiAgICA8YSBocmVmPSJodHRwczovL3d3dy5kcmxhbmdsb2lzLmNhL2VuL3ByZXNjcmlwdGlvbi1hbmFsZ2VzaWNzLyI+DQogICAgICAgIDxpbWcgc3JjPSIvd3AtY29udGVudC91cGxvYWRzLzIwMjQvMDYvTGEtbWV0aGFkb25lLWV0LWxhLXN1Ym94b25lLnBuZyI+DQogICAgICAgIDxoNT5NZXRoYWRvbmUgYW5kIHN1Ym94b25lIChidXByZW5vcnBoaW5lKTwvaDU+DQogICAgPC9hPg0KICAgIDxhIGhyZWY9Imh0dHBzOi8vd3d3LmRybGFuZ2xvaXMuY2EvZW4vcHJlc2NyaXB0aW9uLWFuYWxnZXNpY3MvIj4NCiAgICAgICAgPGltZyBzcmM9Ii93cC1jb250ZW50L3VwbG9hZHMvMjAyNC8wNi9MZXMtY2FubmFiaW5vaWRlcy1waGFybWFjb2xvZ2lxdWVzLnBuZyI+DQogICAgICAgIDxoNT5QaGFybWFjb2xvZ2ljYWwgY2FubmFiaW5vaWRzIGFuZCBtZWRpY2FsIGNhbm5hYmlzPC9oNT4NCiAgICA8L2E+DQo8L2Rpdj4=[\/vc_raw_html][\/vc_column][\/vc_row]<\/p>\n<\/section>","protected":false},"excerpt":{"rendered":"<p>[vc_row css_animation=&#8221;&#8221; row_type=&#8221;row&#8221; use_row_as_full_screen_section=&#8221;no&#8221; type=&#8221;full_width&#8221; angled_section=&#8221;no&#8221; text_align=&#8221;left&#8221; background_image_as_pattern=&#8221;without_pattern&#8221; el_id=&#8221;hero&#8221; z_index=&#8221;&#8221;][vc_column width=&#8221;1\/2&#8243;][\/vc_column][vc_column width=&#8221;1\/2&#8243;][vc_column_text][\/vc_column_text][vc_column_text] Managing your pain Reduce your pain and improve your quality of life. SCHEDULE A CONSULTATION[\/vc_column_text][\/vc_column][\/vc_row][vc_row css_animation=&#8221;&#8221; row_type=&#8221;row&#8221; use_row_as_full_screen_section=&#8221;no&#8221; type=&#8221;grid&#8221; angled_section=&#8221;no&#8221; text_align=&#8221;left&#8221; background_image_as_pattern=&#8221;without_pattern&#8221; z_index=&#8221;&#8221; el_id=&#8221;full&#8221;][vc_column][vc_column_text]Our clinic offers comprehensive solutions to help you manage chronic&#8230;<\/p>\n","protected":false},"author":1,"featured_media":732,"parent":0,"menu_order":0,"comment_status":"closed","ping_status":"closed","template":"full_width.php","meta":{"inline_featured_image":false,"footnotes":""},"class_list":["post-901","page","type-page","status-publish","has-post-thumbnail","hentry"],"acf":[],"yoast_head":"<!-- This site is optimized with the Yoast SEO plugin v22.9 - https:\/\/yoast.com\/wordpress\/plugins\/seo\/ -->\n<title>Managing your pain in Montreal, Ottawa, Gatineau<\/title>\n<meta name=\"description\" content=\"Reduce your pain and improve your quality of life in Montreal, Ottawa, Gatineau by certified chronic pain management specialist\" \/>\n<meta name=\"robots\" content=\"index, follow, max-snippet:-1, max-image-preview:large, max-video-preview:-1\" \/>\n<link rel=\"canonical\" href=\"https:\/\/www.drlanglois.ca\/en\/managing-your-pain\/\" \/>\n<meta property=\"og:locale\" content=\"en_US\" \/>\n<meta property=\"og:type\" content=\"article\" \/>\n<meta property=\"og:title\" content=\"Managing your pain in Montreal, Ottawa, Gatineau\" \/>\n<meta property=\"og:description\" content=\"Reduce your pain and improve your quality of life in Montreal, Ottawa, Gatineau by certified chronic pain management specialist\" \/>\n<meta property=\"og:url\" content=\"https:\/\/www.drlanglois.ca\/en\/managing-your-pain\/\" \/>\n<meta property=\"og:site_name\" content=\"Clinique de gestion de la douleur chronique \u00e0 Montr\u00e9al et \u00e0 Gatineau\" \/>\n<meta property=\"article:publisher\" content=\"https:\/\/www.facebook.com\/drpatricelanglois\/\" \/>\n<meta property=\"article:modified_time\" content=\"2024-07-11T15:15:42+00:00\" \/>\n<meta property=\"og:image\" content=\"https:\/\/www.drlanglois.ca\/wp-content\/uploads\/2024\/06\/8089461.jpg\" \/>\n\t<meta property=\"og:image:width\" content=\"2000\" \/>\n\t<meta property=\"og:image:height\" content=\"2000\" \/>\n\t<meta property=\"og:image:type\" content=\"image\/jpeg\" \/>\n<meta name=\"twitter:card\" content=\"summary_large_image\" \/>\n<meta name=\"twitter:label1\" content=\"Est. reading time\" \/>\n\t<meta name=\"twitter:data1\" content=\"8 minutes\" \/>\n<script type=\"application\/ld+json\" class=\"yoast-schema-graph\">{\"@context\":\"https:\/\/schema.org\",\"@graph\":[{\"@type\":\"WebPage\",\"@id\":\"https:\/\/www.drlanglois.ca\/en\/managing-your-pain\/\",\"url\":\"https:\/\/www.drlanglois.ca\/en\/managing-your-pain\/\",\"name\":\"Managing your pain in Montreal, Ottawa, Gatineau\",\"isPartOf\":{\"@id\":\"https:\/\/www.drlanglois.ca\/en\/#website\"},\"primaryImageOfPage\":{\"@id\":\"https:\/\/www.drlanglois.ca\/en\/managing-your-pain\/#primaryimage\"},\"image\":{\"@id\":\"https:\/\/www.drlanglois.ca\/en\/managing-your-pain\/#primaryimage\"},\"thumbnailUrl\":\"https:\/\/www.drlanglois.ca\/wp-content\/uploads\/2024\/06\/8089461.jpg\",\"datePublished\":\"2024-06-04T17:52:24+00:00\",\"dateModified\":\"2024-07-11T15:15:42+00:00\",\"description\":\"Reduce your pain and improve your quality of life in Montreal, Ottawa, Gatineau by certified chronic pain management specialist\",\"breadcrumb\":{\"@id\":\"https:\/\/www.drlanglois.ca\/en\/managing-your-pain\/#breadcrumb\"},\"inLanguage\":\"en-US\",\"potentialAction\":[{\"@type\":\"ReadAction\",\"target\":[\"https:\/\/www.drlanglois.ca\/en\/managing-your-pain\/\"]}]},{\"@type\":\"ImageObject\",\"inLanguage\":\"en-US\",\"@id\":\"https:\/\/www.drlanglois.ca\/en\/managing-your-pain\/#primaryimage\",\"url\":\"https:\/\/www.drlanglois.ca\/wp-content\/uploads\/2024\/06\/8089461.jpg\",\"contentUrl\":\"https:\/\/www.drlanglois.ca\/wp-content\/uploads\/2024\/06\/8089461.jpg\",\"width\":2000,\"height\":2000},{\"@type\":\"BreadcrumbList\",\"@id\":\"https:\/\/www.drlanglois.ca\/en\/managing-your-pain\/#breadcrumb\",\"itemListElement\":[{\"@type\":\"ListItem\",\"position\":1,\"name\":\"Home\",\"item\":\"https:\/\/www.drlanglois.ca\/en\/\"},{\"@type\":\"ListItem\",\"position\":2,\"name\":\"Managing your pain\"}]},{\"@type\":\"WebSite\",\"@id\":\"https:\/\/www.drlanglois.ca\/en\/#website\",\"url\":\"https:\/\/www.drlanglois.ca\/en\/\",\"name\":\"Clinique de gestion de la douleur chronique \u00e0 Montr\u00e9al et \u00e0 Gatineau\",\"description\":\"Dr Patrice Langlois\",\"publisher\":{\"@id\":\"https:\/\/www.drlanglois.ca\/en\/#organization\"},\"potentialAction\":[{\"@type\":\"SearchAction\",\"target\":{\"@type\":\"EntryPoint\",\"urlTemplate\":\"https:\/\/www.drlanglois.ca\/en\/?s={search_term_string}\"},\"query-input\":\"required name=search_term_string\"}],\"inLanguage\":\"en-US\"},{\"@type\":\"Organization\",\"@id\":\"https:\/\/www.drlanglois.ca\/en\/#organization\",\"name\":\"Dr Patrice Langlois\",\"alternateName\":\"La clinique de gestion de la douleur du Dr Patrice Langlois\",\"url\":\"https:\/\/www.drlanglois.ca\/en\/\",\"logo\":{\"@type\":\"ImageObject\",\"inLanguage\":\"en-US\",\"@id\":\"https:\/\/www.drlanglois.ca\/en\/#\/schema\/logo\/image\/\",\"url\":\"https:\/\/www.drlanglois.ca\/wp-content\/uploads\/2024\/06\/lang3.png\",\"contentUrl\":\"https:\/\/www.drlanglois.ca\/wp-content\/uploads\/2024\/06\/lang3.png\",\"width\":696,\"height\":693,\"caption\":\"Dr Patrice Langlois\"},\"image\":{\"@id\":\"https:\/\/www.drlanglois.ca\/en\/#\/schema\/logo\/image\/\"},\"sameAs\":[\"https:\/\/www.facebook.com\/drpatricelanglois\/\",\"https:\/\/www.instagram.com\/drpatricelanglois\/\"]}]}<\/script>\n<!-- \/ Yoast SEO plugin. -->","yoast_head_json":{"title":"Managing your pain in Montreal, Ottawa, Gatineau","description":"Reduce your pain and improve your quality of life in Montreal, Ottawa, Gatineau by certified chronic pain management specialist","robots":{"index":"index","follow":"follow","max-snippet":"max-snippet:-1","max-image-preview":"max-image-preview:large","max-video-preview":"max-video-preview:-1"},"canonical":"https:\/\/www.drlanglois.ca\/en\/managing-your-pain\/","og_locale":"en_US","og_type":"article","og_title":"Managing your pain in Montreal, Ottawa, Gatineau","og_description":"Reduce your pain and improve your quality of life in Montreal, Ottawa, Gatineau by certified chronic pain management specialist","og_url":"https:\/\/www.drlanglois.ca\/en\/managing-your-pain\/","og_site_name":"Clinique de gestion de la douleur chronique \u00e0 Montr\u00e9al et \u00e0 Gatineau","article_publisher":"https:\/\/www.facebook.com\/drpatricelanglois\/","article_modified_time":"2024-07-11T15:15:42+00:00","og_image":[{"width":2000,"height":2000,"url":"https:\/\/www.drlanglois.ca\/wp-content\/uploads\/2024\/06\/8089461.jpg","type":"image\/jpeg"}],"twitter_card":"summary_large_image","twitter_misc":{"Est. reading time":"8 minutes"},"schema":{"@context":"https:\/\/schema.org","@graph":[{"@type":"WebPage","@id":"https:\/\/www.drlanglois.ca\/en\/managing-your-pain\/","url":"https:\/\/www.drlanglois.ca\/en\/managing-your-pain\/","name":"Managing your pain in Montreal, Ottawa, Gatineau","isPartOf":{"@id":"https:\/\/www.drlanglois.ca\/en\/#website"},"primaryImageOfPage":{"@id":"https:\/\/www.drlanglois.ca\/en\/managing-your-pain\/#primaryimage"},"image":{"@id":"https:\/\/www.drlanglois.ca\/en\/managing-your-pain\/#primaryimage"},"thumbnailUrl":"https:\/\/www.drlanglois.ca\/wp-content\/uploads\/2024\/06\/8089461.jpg","datePublished":"2024-06-04T17:52:24+00:00","dateModified":"2024-07-11T15:15:42+00:00","description":"Reduce your pain and improve your quality of life in Montreal, Ottawa, Gatineau by certified chronic pain management specialist","breadcrumb":{"@id":"https:\/\/www.drlanglois.ca\/en\/managing-your-pain\/#breadcrumb"},"inLanguage":"en-US","potentialAction":[{"@type":"ReadAction","target":["https:\/\/www.drlanglois.ca\/en\/managing-your-pain\/"]}]},{"@type":"ImageObject","inLanguage":"en-US","@id":"https:\/\/www.drlanglois.ca\/en\/managing-your-pain\/#primaryimage","url":"https:\/\/www.drlanglois.ca\/wp-content\/uploads\/2024\/06\/8089461.jpg","contentUrl":"https:\/\/www.drlanglois.ca\/wp-content\/uploads\/2024\/06\/8089461.jpg","width":2000,"height":2000},{"@type":"BreadcrumbList","@id":"https:\/\/www.drlanglois.ca\/en\/managing-your-pain\/#breadcrumb","itemListElement":[{"@type":"ListItem","position":1,"name":"Home","item":"https:\/\/www.drlanglois.ca\/en\/"},{"@type":"ListItem","position":2,"name":"Managing your pain"}]},{"@type":"WebSite","@id":"https:\/\/www.drlanglois.ca\/en\/#website","url":"https:\/\/www.drlanglois.ca\/en\/","name":"Clinique de gestion de la douleur chronique \u00e0 Montr\u00e9al et \u00e0 Gatineau","description":"Dr Patrice Langlois","publisher":{"@id":"https:\/\/www.drlanglois.ca\/en\/#organization"},"potentialAction":[{"@type":"SearchAction","target":{"@type":"EntryPoint","urlTemplate":"https:\/\/www.drlanglois.ca\/en\/?s={search_term_string}"},"query-input":"required name=search_term_string"}],"inLanguage":"en-US"},{"@type":"Organization","@id":"https:\/\/www.drlanglois.ca\/en\/#organization","name":"Dr Patrice Langlois","alternateName":"La clinique de gestion de la douleur du Dr Patrice Langlois","url":"https:\/\/www.drlanglois.ca\/en\/","logo":{"@type":"ImageObject","inLanguage":"en-US","@id":"https:\/\/www.drlanglois.ca\/en\/#\/schema\/logo\/image\/","url":"https:\/\/www.drlanglois.ca\/wp-content\/uploads\/2024\/06\/lang3.png","contentUrl":"https:\/\/www.drlanglois.ca\/wp-content\/uploads\/2024\/06\/lang3.png","width":696,"height":693,"caption":"Dr Patrice Langlois"},"image":{"@id":"https:\/\/www.drlanglois.ca\/en\/#\/schema\/logo\/image\/"},"sameAs":["https:\/\/www.facebook.com\/drpatricelanglois\/","https:\/\/www.instagram.com\/drpatricelanglois\/"]}]}},"_links":{"self":[{"href":"https:\/\/www.drlanglois.ca\/en\/wp-json\/wp\/v2\/pages\/901","targetHints":{"allow":["GET"]}}],"collection":[{"href":"https:\/\/www.drlanglois.ca\/en\/wp-json\/wp\/v2\/pages"}],"about":[{"href":"https:\/\/www.drlanglois.ca\/en\/wp-json\/wp\/v2\/types\/page"}],"author":[{"embeddable":true,"href":"https:\/\/www.drlanglois.ca\/en\/wp-json\/wp\/v2\/users\/1"}],"replies":[{"embeddable":true,"href":"https:\/\/www.drlanglois.ca\/en\/wp-json\/wp\/v2\/comments?post=901"}],"version-history":[{"count":10,"href":"https:\/\/www.drlanglois.ca\/en\/wp-json\/wp\/v2\/pages\/901\/revisions"}],"predecessor-version":[{"id":950,"href":"https:\/\/www.drlanglois.ca\/en\/wp-json\/wp\/v2\/pages\/901\/revisions\/950"}],"wp:featuredmedia":[{"embeddable":true,"href":"https:\/\/www.drlanglois.ca\/en\/wp-json\/wp\/v2\/media\/732"}],"wp:attachment":[{"href":"https:\/\/www.drlanglois.ca\/en\/wp-json\/wp\/v2\/media?parent=901"}],"curies":[{"name":"wp","href":"https:\/\/api.w.org\/{rel}","templated":true}]}}