{"id":1383,"date":"2026-03-04T18:20:13","date_gmt":"2026-03-04T18:20:13","guid":{"rendered":"https:\/\/www.drlanglois.ca\/?page_id=1383"},"modified":"2026-03-05T17:36:40","modified_gmt":"2026-03-05T17:36:40","slug":"price","status":"publish","type":"page","link":"https:\/\/www.drlanglois.ca\/en\/price\/","title":{"rendered":"Price"},"content":{"rendered":"<section class=\"wpb-content-wrapper\"><p>[vc_row css_animation=&#8221;&#8221; row_type=&#8221;row&#8221; use_row_as_full_screen_section=&#8221;no&#8221; type=&#8221;grid&#8221; angled_section=&#8221;no&#8221; text_align=&#8221;left&#8221; background_image_as_pattern=&#8221;without_pattern&#8221; z_index=&#8221;&#8221; el_id=&#8221;prix&#8221;][vc_column][vc_column_text]<\/p>\n<h2 style=\"text-align: center;\">Price List<\/h2>\n<p>[\/vc_column_text][vc_column_text]<\/p>\n<table>\n<thead>\n<tr>\n<th>Section<\/th>\n<th>Description<\/th>\n<th>Price<\/th>\n<\/tr>\n<\/thead>\n<tbody>\n<tr class=\"bordered\">\n<td rowspan=\"1\">File opening<\/td>\n<td>File opening<\/td>\n<td>$50<\/td>\n<\/tr>\n<tr class=\"bordered\">\n<td rowspan=\"4\">Initial consultation<\/td>\n<td>Initial consultation \/ New condition<\/td>\n<td>$190<\/td>\n<\/tr>\n<tr>\n<td>Supplement \u2013 Non-narcotic prescription (1st consultation)<\/td>\n<td>$45$<\/td>\n<\/tr>\n<tr>\n<td>Supplement \u2013 Narcotic prescription (1st consultation)<\/td>\n<td>$55<\/td>\n<\/tr>\n<tr>\n<td>First consultation \u2013 Cannabis<\/td>\n<td>$200<\/td>\n<\/tr>\n<tr class=\"bordered\">\n<td rowspan=\"1\">Absence<\/td>\n<td>Cancellation No-show\/cancellation fee &lt; 24 h<\/td>\n<td>$ 75<\/td>\n<\/tr>\n<tr class=\"bordered\">\n<td rowspan=\"4\">Medical documents<\/td>\n<td>Medical note \u2013 Complete stoppage or limitation<\/td>\n<td>$50<\/td>\n<\/tr>\n<tr>\n<td>Medical report or letter<\/td>\n<td>$110<\/td>\n<\/tr>\n<tr>\n<td>Summary of fees (taxes)<\/td>\n<td>$60<\/td>\n<\/tr>\n<tr>\n<td>Administrative documents for private insurance purposes (per page)<\/td>\n<td>$80<\/td>\n<\/tr>\n<tr class=\"bordered\">\n<td rowspan=\"4\">Follow-ups, visits, and calls<\/td>\n<td>Follow-up visit \/ General phone call<\/td>\n<td>$90<\/td>\n<\/tr>\n<tr>\n<td>Visit with narcotic prescription<\/td>\n<td>$110<\/td>\n<\/tr>\n<tr>\n<td>Visit fee for a procedure appointment (after a first consultation)<\/td>\n<td>$45<\/td>\n<\/tr>\n<tr>\n<td>Phone call for prescription \/ renewal<\/td>\n<td>$90<\/td>\n<\/tr>\n<tr class=\"bordered\">\n<td rowspan=\"3\">Treatments \u2013 Epidurals<\/td>\n<td>Lumbar\/caudal epidural<\/td>\n<td>$385<\/td>\n<\/tr>\n<tr>\n<td>Cervical epidural<\/td>\n<td>$450<\/td>\n<\/tr>\n<tr>\n<td>Thoracic epidural<\/td>\n<td>$450<\/td>\n<\/tr>\n<tr class=\"bordered\">\n<td rowspan=\"6\">Nerve blocks and infiltrations<\/td>\n<td>Medial nerve branch block<\/td>\n<td>$390<\/td>\n<\/tr>\n<tr>\n<td>Brachial\/sciatic\/pudendal block<\/td>\n<td>$450<\/td>\n<\/tr>\n<tr>\n<td>Occipital block<\/td>\n<td>$250<\/td>\n<\/tr>\n<tr>\n<td>Trigger point injection<\/td>\n<td>$300<\/td>\n<\/tr>\n<tr>\n<td>Trigger point injection \u2013 Upper back\/sacroiliac<\/td>\n<td>$350<\/td>\n<\/tr>\n<tr>\n<td>Intra-articular injection<\/td>\n<td>$250<\/td>\n<\/tr>\n<tr class=\"bordered\">\n<td rowspan=\"2\">Botox\/Xeomin<\/td>\n<td>Botox or Xeomin (upper or lower back)<\/td>\n<td>$300<\/td>\n<\/tr>\n<tr>\n<td>Botox\/Xeomin (off-label)<\/td>\n<td>$350<\/td>\n<\/tr>\n<tr class=\"bordered\">\n<td rowspan=\"2\">PRP \u2013 Platelet-rich plasma<\/td>\n<td>Cervical PRP<\/td>\n<td>$1000<\/td>\n<\/tr>\n<tr>\n<td>Lumbar PRP<\/td>\n<td>$1000<\/td>\n<\/tr>\n<tr class=\"bordered\">\n<td rowspan=\"9\">Other treatments<\/td>\n<td>Therapeutic infusion<\/td>\n<td>$550<\/td>\n<\/tr>\n<tr>\n<td>Intra-articular injection + fluoroscopy + contrast<\/td>\n<td>$500<\/td>\n<\/tr>\n<tr>\n<td>Synvisc\/Durolane injection<\/td>\n<td>$380<\/td>\n<\/tr>\n<tr>\n<td>Ultrasound-guided injection<\/td>\n<td>$380<\/td>\n<\/tr>\n<tr>\n<td>Intranasal sphenopalatine ganglion (SPG) block<\/td>\n<td>$250<\/td>\n<\/tr>\n<tr>\n<td>Knee cryoneurolysis (Iovera<\/td>\n<td>$2000<\/td>\n<\/tr>\n<tr>\n<td>Jaipur<\/td>\n<td>$250<\/td>\n<\/tr>\n<tr>\n<td>Blood Patch<\/td>\n<td>$650<\/td>\n<\/tr>\n<tr>\n<td>ECG<\/td>\n<td>$50<\/td>\n<\/tr>\n<tr class=\"bordered\">\n<td rowspan=\"1\">Combined treatments<\/td>\n<td>Occipital block + trigger points<\/td>\n<td>$500<\/td>\n<\/tr>\n<\/tbody>\n<\/table>\n<p>[\/vc_column_text][\/vc_column][\/vc_row]<\/p>\n<\/section>","protected":false},"excerpt":{"rendered":"<p>[vc_row css_animation=&#8221;&#8221; row_type=&#8221;row&#8221; use_row_as_full_screen_section=&#8221;no&#8221; type=&#8221;grid&#8221; angled_section=&#8221;no&#8221; text_align=&#8221;left&#8221; background_image_as_pattern=&#8221;without_pattern&#8221; z_index=&#8221;&#8221; el_id=&#8221;prix&#8221;][vc_column][vc_column_text] Price List [\/vc_column_text][vc_column_text] Section Description Price File opening File opening $50 Initial consultation Initial consultation \/ New condition $190 Supplement \u2013 Non-narcotic prescription (1st consultation) $45$ Supplement \u2013 Narcotic prescription (1st consultation) $55 First consultation&#8230;<\/p>\n","protected":false},"author":1,"featured_media":0,"parent":0,"menu_order":0,"comment_status":"closed","ping_status":"closed","template":"full_width.php","meta":{"inline_featured_image":false,"footnotes":""},"class_list":["post-1383","page","type-page","status-publish","hentry"],"acf":[],"yoast_head":"<!-- This site is optimized with the Yoast SEO plugin v22.9 - https:\/\/yoast.com\/wordpress\/plugins\/seo\/ -->\n<title>Price - Clinique de gestion de la douleur chronique \u00e0 Montr\u00e9al et \u00e0 Gatineau<\/title>\n<meta name=\"robots\" content=\"index, follow, max-snippet:-1, max-image-preview:large, max-video-preview:-1\" \/>\n<link rel=\"canonical\" href=\"https:\/\/www.drlanglois.ca\/en\/price\/\" \/>\n<meta property=\"og:locale\" content=\"en_US\" \/>\n<meta property=\"og:type\" content=\"article\" \/>\n<meta property=\"og:title\" content=\"Price - Clinique de gestion de la douleur chronique \u00e0 Montr\u00e9al et \u00e0 Gatineau\" \/>\n<meta property=\"og:description\" content=\"[vc_row css_animation=&#8221;&#8221; row_type=&#8221;row&#8221; use_row_as_full_screen_section=&#8221;no&#8221; type=&#8221;grid&#8221; angled_section=&#8221;no&#8221; text_align=&#8221;left&#8221; background_image_as_pattern=&#8221;without_pattern&#8221; z_index=&#8221;&#8221; el_id=&#8221;prix&#8221;][vc_column][vc_column_text] Price List [\/vc_column_text][vc_column_text] Section Description Price File opening File opening $50 Initial consultation Initial consultation \/ New condition $190 Supplement \u2013 Non-narcotic prescription (1st consultation) $45$ Supplement \u2013 Narcotic prescription (1st consultation) $55 First consultation...\" \/>\n<meta property=\"og:url\" content=\"https:\/\/www.drlanglois.ca\/en\/price\/\" \/>\n<meta property=\"og:site_name\" content=\"Clinique de gestion de la douleur chronique \u00e0 Montr\u00e9al et \u00e0 Gatineau\" \/>\n<meta property=\"article:publisher\" content=\"https:\/\/www.facebook.com\/drpatricelanglois\/\" \/>\n<meta property=\"article:modified_time\" content=\"2026-03-05T17:36:40+00:00\" \/>\n<meta property=\"og:image\" content=\"https:\/\/www.drlanglois.ca\/wp-content\/uploads\/2024\/06\/lang1.jpg\" \/>\n\t<meta property=\"og:image:width\" content=\"1200\" \/>\n\t<meta property=\"og:image:height\" content=\"675\" \/>\n\t<meta property=\"og:image:type\" content=\"image\/jpeg\" \/>\n<meta name=\"twitter:card\" content=\"summary_large_image\" \/>\n<meta name=\"twitter:label1\" content=\"Est. reading time\" \/>\n\t<meta name=\"twitter:data1\" content=\"1 minute\" \/>\n<script type=\"application\/ld+json\" class=\"yoast-schema-graph\">{\"@context\":\"https:\/\/schema.org\",\"@graph\":[{\"@type\":\"WebPage\",\"@id\":\"https:\/\/www.drlanglois.ca\/en\/price\/\",\"url\":\"https:\/\/www.drlanglois.ca\/en\/price\/\",\"name\":\"Price - Clinique de gestion de la douleur chronique \u00e0 Montr\u00e9al et \u00e0 Gatineau\",\"isPartOf\":{\"@id\":\"https:\/\/www.drlanglois.ca\/en\/#website\"},\"datePublished\":\"2026-03-04T18:20:13+00:00\",\"dateModified\":\"2026-03-05T17:36:40+00:00\",\"breadcrumb\":{\"@id\":\"https:\/\/www.drlanglois.ca\/en\/price\/#breadcrumb\"},\"inLanguage\":\"en-US\",\"potentialAction\":[{\"@type\":\"ReadAction\",\"target\":[\"https:\/\/www.drlanglois.ca\/en\/price\/\"]}]},{\"@type\":\"BreadcrumbList\",\"@id\":\"https:\/\/www.drlanglois.ca\/en\/price\/#breadcrumb\",\"itemListElement\":[{\"@type\":\"ListItem\",\"position\":1,\"name\":\"Home\",\"item\":\"https:\/\/www.drlanglois.ca\/en\/\"},{\"@type\":\"ListItem\",\"position\":2,\"name\":\"Price\"}]},{\"@type\":\"WebSite\",\"@id\":\"https:\/\/www.drlanglois.ca\/en\/#website\",\"url\":\"https:\/\/www.drlanglois.ca\/en\/\",\"name\":\"Clinique de gestion de la douleur chronique \u00e0 Montr\u00e9al et \u00e0 Gatineau\",\"description\":\"Dr Patrice Langlois\",\"publisher\":{\"@id\":\"https:\/\/www.drlanglois.ca\/en\/#organization\"},\"potentialAction\":[{\"@type\":\"SearchAction\",\"target\":{\"@type\":\"EntryPoint\",\"urlTemplate\":\"https:\/\/www.drlanglois.ca\/en\/?s={search_term_string}\"},\"query-input\":\"required name=search_term_string\"}],\"inLanguage\":\"en-US\"},{\"@type\":\"Organization\",\"@id\":\"https:\/\/www.drlanglois.ca\/en\/#organization\",\"name\":\"Dr Patrice Langlois\",\"alternateName\":\"La clinique de gestion de la douleur du Dr Patrice Langlois\",\"url\":\"https:\/\/www.drlanglois.ca\/en\/\",\"logo\":{\"@type\":\"ImageObject\",\"inLanguage\":\"en-US\",\"@id\":\"https:\/\/www.drlanglois.ca\/en\/#\/schema\/logo\/image\/\",\"url\":\"https:\/\/www.drlanglois.ca\/wp-content\/uploads\/2024\/06\/lang3.png\",\"contentUrl\":\"https:\/\/www.drlanglois.ca\/wp-content\/uploads\/2024\/06\/lang3.png\",\"width\":696,\"height\":693,\"caption\":\"Dr Patrice Langlois\"},\"image\":{\"@id\":\"https:\/\/www.drlanglois.ca\/en\/#\/schema\/logo\/image\/\"},\"sameAs\":[\"https:\/\/www.facebook.com\/drpatricelanglois\/\",\"https:\/\/www.instagram.com\/drpatricelanglois\/\"]}]}<\/script>\n<!-- \/ Yoast SEO plugin. -->","yoast_head_json":{"title":"Price - Clinique de gestion de la douleur chronique \u00e0 Montr\u00e9al et \u00e0 Gatineau","robots":{"index":"index","follow":"follow","max-snippet":"max-snippet:-1","max-image-preview":"max-image-preview:large","max-video-preview":"max-video-preview:-1"},"canonical":"https:\/\/www.drlanglois.ca\/en\/price\/","og_locale":"en_US","og_type":"article","og_title":"Price - Clinique de gestion de la douleur chronique \u00e0 Montr\u00e9al et \u00e0 Gatineau","og_description":"[vc_row css_animation=&#8221;&#8221; row_type=&#8221;row&#8221; use_row_as_full_screen_section=&#8221;no&#8221; type=&#8221;grid&#8221; angled_section=&#8221;no&#8221; text_align=&#8221;left&#8221; background_image_as_pattern=&#8221;without_pattern&#8221; z_index=&#8221;&#8221; el_id=&#8221;prix&#8221;][vc_column][vc_column_text] Price List [\/vc_column_text][vc_column_text] Section Description Price File opening File opening $50 Initial consultation Initial consultation \/ New condition $190 Supplement \u2013 Non-narcotic prescription (1st consultation) $45$ Supplement \u2013 Narcotic prescription (1st consultation) $55 First consultation...","og_url":"https:\/\/www.drlanglois.ca\/en\/price\/","og_site_name":"Clinique de gestion de la douleur chronique \u00e0 Montr\u00e9al et \u00e0 Gatineau","article_publisher":"https:\/\/www.facebook.com\/drpatricelanglois\/","article_modified_time":"2026-03-05T17:36:40+00:00","og_image":[{"width":1200,"height":675,"url":"https:\/\/www.drlanglois.ca\/wp-content\/uploads\/2024\/06\/lang1.jpg","type":"image\/jpeg"}],"twitter_card":"summary_large_image","twitter_misc":{"Est. reading time":"1 minute"},"schema":{"@context":"https:\/\/schema.org","@graph":[{"@type":"WebPage","@id":"https:\/\/www.drlanglois.ca\/en\/price\/","url":"https:\/\/www.drlanglois.ca\/en\/price\/","name":"Price - Clinique de gestion de la douleur chronique \u00e0 Montr\u00e9al et \u00e0 Gatineau","isPartOf":{"@id":"https:\/\/www.drlanglois.ca\/en\/#website"},"datePublished":"2026-03-04T18:20:13+00:00","dateModified":"2026-03-05T17:36:40+00:00","breadcrumb":{"@id":"https:\/\/www.drlanglois.ca\/en\/price\/#breadcrumb"},"inLanguage":"en-US","potentialAction":[{"@type":"ReadAction","target":["https:\/\/www.drlanglois.ca\/en\/price\/"]}]},{"@type":"BreadcrumbList","@id":"https:\/\/www.drlanglois.ca\/en\/price\/#breadcrumb","itemListElement":[{"@type":"ListItem","position":1,"name":"Home","item":"https:\/\/www.drlanglois.ca\/en\/"},{"@type":"ListItem","position":2,"name":"Price"}]},{"@type":"WebSite","@id":"https:\/\/www.drlanglois.ca\/en\/#website","url":"https:\/\/www.drlanglois.ca\/en\/","name":"Clinique de gestion de la douleur chronique \u00e0 Montr\u00e9al et \u00e0 Gatineau","description":"Dr Patrice Langlois","publisher":{"@id":"https:\/\/www.drlanglois.ca\/en\/#organization"},"potentialAction":[{"@type":"SearchAction","target":{"@type":"EntryPoint","urlTemplate":"https:\/\/www.drlanglois.ca\/en\/?s={search_term_string}"},"query-input":"required name=search_term_string"}],"inLanguage":"en-US"},{"@type":"Organization","@id":"https:\/\/www.drlanglois.ca\/en\/#organization","name":"Dr Patrice Langlois","alternateName":"La clinique de gestion de la douleur du Dr Patrice Langlois","url":"https:\/\/www.drlanglois.ca\/en\/","logo":{"@type":"ImageObject","inLanguage":"en-US","@id":"https:\/\/www.drlanglois.ca\/en\/#\/schema\/logo\/image\/","url":"https:\/\/www.drlanglois.ca\/wp-content\/uploads\/2024\/06\/lang3.png","contentUrl":"https:\/\/www.drlanglois.ca\/wp-content\/uploads\/2024\/06\/lang3.png","width":696,"height":693,"caption":"Dr Patrice Langlois"},"image":{"@id":"https:\/\/www.drlanglois.ca\/en\/#\/schema\/logo\/image\/"},"sameAs":["https:\/\/www.facebook.com\/drpatricelanglois\/","https:\/\/www.instagram.com\/drpatricelanglois\/"]}]}},"_links":{"self":[{"href":"https:\/\/www.drlanglois.ca\/en\/wp-json\/wp\/v2\/pages\/1383","targetHints":{"allow":["GET"]}}],"collection":[{"href":"https:\/\/www.drlanglois.ca\/en\/wp-json\/wp\/v2\/pages"}],"about":[{"href":"https:\/\/www.drlanglois.ca\/en\/wp-json\/wp\/v2\/types\/page"}],"author":[{"embeddable":true,"href":"https:\/\/www.drlanglois.ca\/en\/wp-json\/wp\/v2\/users\/1"}],"replies":[{"embeddable":true,"href":"https:\/\/www.drlanglois.ca\/en\/wp-json\/wp\/v2\/comments?post=1383"}],"version-history":[{"count":3,"href":"https:\/\/www.drlanglois.ca\/en\/wp-json\/wp\/v2\/pages\/1383\/revisions"}],"predecessor-version":[{"id":1393,"href":"https:\/\/www.drlanglois.ca\/en\/wp-json\/wp\/v2\/pages\/1383\/revisions\/1393"}],"wp:attachment":[{"href":"https:\/\/www.drlanglois.ca\/en\/wp-json\/wp\/v2\/media?parent=1383"}],"curies":[{"name":"wp","href":"https:\/\/api.w.org\/{rel}","templated":true}]}}